{"id":94,"date":"2022-06-13T17:29:07","date_gmt":"2022-06-13T17:29:07","guid":{"rendered":"https:\/\/www.instalaterstvojezik.sk\/o-nas\/?page_id=94"},"modified":"2023-08-07T19:45:27","modified_gmt":"2023-08-07T19:45:27","slug":"cistenie-kurenia","status":"publish","type":"page","link":"https:\/\/www.instalaterstvojezik.sk\/o-nas\/cistenie-kurenia\/","title":{"rendered":"\u010cistenie K\u00farenia"},"content":{"rendered":"\n<p><\/p>\n\n\n\n<div class=\"wp-block-columns is-layout-flex wp-container-core-columns-is-layout-1 wp-block-columns-is-layout-flex\">\n<div class=\"wp-block-column is-layout-flow wp-block-column-is-layout-flow\" style=\"flex-basis:40%\"><div class=\"wp-block-image\">\n<figure class=\"aligncenter size-full\"><img loading=\"lazy\" decoding=\"async\" width=\"605\" height=\"399\" src=\"https:\/\/www.instalaterstvojezik.sk\/o-nas\/wp-content\/uploads\/2022\/06\/Obrazok1.jpg\" alt=\"\" class=\"wp-image-95\" srcset=\"https:\/\/www.instalaterstvojezik.sk\/o-nas\/wp-content\/uploads\/2022\/06\/Obrazok1.jpg 605w, https:\/\/www.instalaterstvojezik.sk\/o-nas\/wp-content\/uploads\/2022\/06\/Obrazok1-300x198.jpg 300w\" sizes=\"auto, (max-width: 605px) 100vw, 605px\" \/><\/figure><\/div><\/div>\n\n\n\n<div class=\"wp-block-column is-layout-flow wp-block-column-is-layout-flow\" style=\"flex-basis:60%\">\n<h5 class=\"wp-block-heading has-text-align-left\">M\u00e1te probl\u00e9my s podlahov\u00fdm alebo radi\u00e1torov\u00fdm k\u00faren\u00edm?<br>Teplota v\u00a0miestnosti nie je rovnomern\u00e1?<br>M\u00e1te studen\u00fd radi\u00e1tor?<\/h5>\n\n\n\n<p class=\"has-text-align-left\">Na\u0161a firma<strong> In\u0161talat\u00e9rstvo Je\u017e\u00edk s.r.o<\/strong>, pon\u00faka rie\u0161enie.<br>\u010cistenie a preplach vykurovacieho syst\u00e9mu pomocou pr\u00edstroja Rothenberger Ropuls eDM s pomocou kvalitn\u00fdch \u010distiacich l\u00e1tok.<br>Po vy\u010disten\u00ed nasleduje meranie kvality vody &#8211; tvrdos\u0165, vodivos\u0165 a pH. Napustenie syst\u00e9mu demineralizovanou vodou.<br>Napusten\u00fa vodu o\u0161etr\u00edme ochrann\u00fdmi l\u00e1tkami ktor\u00e9 zabr\u00e1nia op\u00e4tovn\u00e9mu us\u00e1dzaniu ne\u010dist\u00f4t. <\/p>\n\n\n\n<p>Na z\u00e1ver vykon\u00e1me kontrolu k\u00farenia a\u00a0vyregulovanie syst\u00e9mu. Na konci preplachu v\u00e1m stroj vygeneruje PDF s\u00fabor s\u00a0\u00fadajami prietokov pred a\u00a0po \u010disten\u00ed. Doba pr\u00e1ce preplachu k\u00farenia trv\u00e1 individu\u00e1lne od typu k\u00farenia. Potrebn\u00e9 je r\u00e1ta\u0165 s \u010dasom minim\u00e1lne cca. 5 &#8211; 6 hod.<\/p>\n\n\n\n<p>Pr\u00e1ce vykon\u00e1vame <strong>\u017dilinskom kraji.<\/strong><\/p>\n\n\n\n<h6 class=\"wp-block-heading\">Vy\u010distenie vykurovacieho syst\u00e9mu V\u00e1m prinesie ve\u013ea v\u00fdhod a tie\u017e odstr\u00e1ni aj ve\u013ea probl\u00e9mov.<\/h6>\n\n\n\n<ul class=\"wp-block-list\">\n<li>od prv\u00e9ho momentu bude syst\u00e9m fungova\u0165 efekt\u00edvnej\u0161ie a r\u00fdchle odovzd\u00e1vanie tepla zaru\u010d\u00ed lep\u0161ie vyk\u00farenie priestorov ( samozrejme z\u00e1le\u017e\u00ed na zanesen\u00ed syst\u00e9mu k\u00farenia pred \u010disten\u00edm )<\/li>\n\n\n\n<li>\u00faspora n\u00e1kladov na vykurovanie a\u017e do 20%<\/li>\n\n\n\n<li>po vy\u010disten\u00ed bude syst\u00e9m fungova\u0165 ako nov\u00fd, pred\u013a\u017eenie \u017eivotnosti celej vykurovacej s\u00fastavy<\/li>\n<\/ul>\n\n\n\n<p><\/p>\n<\/div>\n<\/div>\n\n\n\n<h2 class=\"wp-block-heading has-text-align-center\">Stroj, ktor\u00fd vyu\u017e\u00edvma &#8211; Rothenberger Ropuls eDM<\/h2>\n\n\n\n<div class=\"wp-block-columns is-layout-flex wp-container-core-columns-is-layout-2 wp-block-columns-is-layout-flex\">\n<div class=\"wp-block-column is-layout-flow wp-block-column-is-layout-flow\">\n<ul class=\"wp-block-list\">\n<li>Chemick\u00e9 \u010distenie a konzerv\u00e1cia potrub\u00ed<\/li>\n\n\n\n<li>Preplachovac\u00ed kompresor je ur\u010den\u00fd na chemick\u00e9 \u010distenie, konzerv\u00e1ciu vykurovac\u00edch s\u00fastav a dezinfekciu potrub\u00ed pitnej vody pod\u013ea DIN 1988-2<\/li>\n\n\n\n<li>Dva stupne preplachovania (impulz\u00edvne, dlhodob\u00e9) pre dosiahnutie efekt\u00edvneho preplachovania<\/li>\n\n\n\n<li>Princ\u00edp \u00fa\u010dinnosti zalo\u017een\u00fd na prepracovan\u00fdch algoritmoch striedav\u00fdch r\u00e1zov\u00fdch vodn\u00fdch v\u013an a primie\u0161avan\u00ed vzduchu<\/li>\n\n\n\n<li>Bezolejov\u00fd a bez\u00fadr\u017ebov\u00fd kompresor<\/li>\n\n\n\n<li>Volite\u013en\u00e1 funkcia ROCLEAN: Kon\u0161tantn\u00e9 a bezpe\u010dn\u00e9 d\u00e1vkovanie \u010distiacej ch\u00e9mie a konzerva\u010dn\u00fdch l\u00e1tok<\/li>\n\n\n\n<li>Rozsah dod\u00e1vky: ROPULS s hadicami bez injektora ROCLEAN a reduk\u010dn\u00e9ho ventila (n\u00e1jdete v pr\u00edslu\u0161enstve ako samostatn\u00e9 polo\u017eky)<\/li>\n<\/ul>\n<\/div>\n\n\n\n<div class=\"wp-block-column is-layout-flow wp-block-column-is-layout-flow\">\n<ul class=\"wp-block-list\">\n<li>Teplota vody max.: 30 \u00b0C<\/li>\n\n\n\n<li>Tlak vody max.: 7 bar<\/li>\n\n\n\n<li>H\u013abka: 340 mm kompresor<\/li>\n\n\n\n<li>Miera v\u00fdpuste oleja: 99,9 %<\/li>\n\n\n\n<li>Sie\u0165ov\u00e9 nap\u00e4tie: 230 V<\/li>\n\n\n\n<li>V\u00fdkon motora: 1,1 kW<\/li>\n\n\n\n<li>Pr\u00fad tlaku max.: 5 m\/h<\/li>\n\n\n\n<li>Max. prev\u00e1dzkov\u00fd tlak: 8 bar<\/li>\n\n\n\n<li>Miera zadr\u017eovania \u010dast\u00edc: 0,3 \u013em<\/li>\n\n\n\n<li>Priemer tr\u00fabky do: DN 65 \/ 2&#8243;<\/li>\n<\/ul>\n<\/div>\n<\/div>\n","protected":false},"excerpt":{"rendered":"<p>M\u00e1te probl\u00e9my s podlahov\u00fdm alebo radi\u00e1torov\u00fdm k\u00faren\u00edm?Teplota v\u00a0miestnosti nie je rovnomern\u00e1?M\u00e1te studen\u00fd radi\u00e1tor? Na\u0161a firma In\u0161talat\u00e9rstvo Je\u017e\u00edk s.r.o, pon\u00faka rie\u0161enie.\u010cistenie a preplach vykurovacieho syst\u00e9mu pomocou pr\u00edstroja Rothenberger Ropuls eDM s pomocou kvalitn\u00fdch \u010distiacich l\u00e1tok.Po vy\u010disten\u00ed nasleduje meranie kvality vody &#8211; tvrdos\u0165, vodivos\u0165 a pH. Napustenie syst\u00e9mu demineralizovanou vodou.Napusten\u00fa vodu o\u0161etr\u00edme ochrann\u00fdmi l\u00e1tkami ktor\u00e9 zabr\u00e1nia op\u00e4tovn\u00e9mu us\u00e1dzaniu ne\u010dist\u00f4t. Na z\u00e1ver vykon\u00e1me kontrolu k\u00farenia a\u00a0vyregulovanie syst\u00e9mu. Na konci preplachu v\u00e1m stroj vygeneruje PDF s\u00fabor s\u00a0\u00fadajami prietokov pred &#8230; <a title=\"\u010cistenie K\u00farenia\" class=\"read-more\" href=\"https:\/\/www.instalaterstvojezik.sk\/o-nas\/cistenie-kurenia\/\" aria-label=\"Pre\u010d\u00edtajte si viac o \u010cistenie K\u00farenia\">\u010c\u00edta\u0165 viac<\/a><\/p>\n","protected":false},"author":1,"featured_media":0,"parent":0,"menu_order":0,"comment_status":"closed","ping_status":"closed","template":"","meta":{"_monsterinsights_skip_tracking":false,"_monsterinsights_sitenote_active":false,"_monsterinsights_sitenote_note":"","_monsterinsights_sitenote_category":0,"footnotes":""},"class_list":["post-94","page","type-page","status-publish"],"yoast_head":"<!-- This site is optimized with the Yoast SEO plugin v24.7 - https:\/\/yoast.com\/wordpress\/plugins\/seo\/ -->\n<title>\u010cistenie K\u00farenia - In\u0161talat\u00e9rstvo Je\u017e\u00edk, s. r. o.<\/title>\n<meta name=\"robots\" content=\"index, follow, max-snippet:-1, max-image-preview:large, max-video-preview:-1\" \/>\n<link rel=\"canonical\" href=\"https:\/\/www.instalaterstvojezik.sk\/o-nas\/cistenie-kurenia\/\" \/>\n<meta property=\"og:locale\" content=\"sk_SK\" \/>\n<meta property=\"og:type\" content=\"article\" \/>\n<meta property=\"og:title\" content=\"\u010cistenie K\u00farenia - In\u0161talat\u00e9rstvo Je\u017e\u00edk, s. r. o.\" \/>\n<meta property=\"og:description\" content=\"M\u00e1te probl\u00e9my s podlahov\u00fdm alebo radi\u00e1torov\u00fdm k\u00faren\u00edm?Teplota v\u00a0miestnosti nie je rovnomern\u00e1?M\u00e1te studen\u00fd radi\u00e1tor? Na\u0161a firma In\u0161talat\u00e9rstvo Je\u017e\u00edk s.r.o, pon\u00faka rie\u0161enie.\u010cistenie a preplach vykurovacieho syst\u00e9mu pomocou pr\u00edstroja Rothenberger Ropuls eDM s pomocou kvalitn\u00fdch \u010distiacich l\u00e1tok.Po vy\u010disten\u00ed nasleduje meranie kvality vody &#8211; tvrdos\u0165, vodivos\u0165 a pH. Napustenie syst\u00e9mu demineralizovanou vodou.Napusten\u00fa vodu o\u0161etr\u00edme ochrann\u00fdmi l\u00e1tkami ktor\u00e9 zabr\u00e1nia op\u00e4tovn\u00e9mu us\u00e1dzaniu ne\u010dist\u00f4t. Na z\u00e1ver vykon\u00e1me kontrolu k\u00farenia a\u00a0vyregulovanie syst\u00e9mu. Na konci preplachu v\u00e1m stroj vygeneruje PDF s\u00fabor s\u00a0\u00fadajami prietokov pred ... \u010c\u00edta\u0165 viac\" \/>\n<meta property=\"og:url\" content=\"https:\/\/www.instalaterstvojezik.sk\/o-nas\/cistenie-kurenia\/\" \/>\n<meta property=\"og:site_name\" content=\"In\u0161talat\u00e9rstvo Je\u017e\u00edk, s. r. o.\" \/>\n<meta property=\"article:modified_time\" content=\"2023-08-07T19:45:27+00:00\" \/>\n<meta property=\"og:image\" content=\"https:\/\/www.instalaterstvojezik.sk\/o-nas\/wp-content\/uploads\/2022\/06\/Obrazok1.jpg\" \/>\n<meta name=\"twitter:card\" content=\"summary_large_image\" \/>\n<meta name=\"twitter:label1\" content=\"Predpokladan\u00fd \u010das \u010d\u00edtania\" \/>\n\t<meta name=\"twitter:data1\" content=\"2 min\u00faty\" \/>\n<script type=\"application\/ld+json\" class=\"yoast-schema-graph\">{\"@context\":\"https:\/\/schema.org\",\"@graph\":[{\"@type\":\"WebPage\",\"@id\":\"https:\/\/www.instalaterstvojezik.sk\/o-nas\/cistenie-kurenia\/\",\"url\":\"https:\/\/www.instalaterstvojezik.sk\/o-nas\/cistenie-kurenia\/\",\"name\":\"\u010cistenie K\u00farenia - In\u0161talat\u00e9rstvo Je\u017e\u00edk, s. r. o.\",\"isPartOf\":{\"@id\":\"https:\/\/www.instalaterstvojezik.sk\/o-nas\/#website\"},\"primaryImageOfPage\":{\"@id\":\"https:\/\/www.instalaterstvojezik.sk\/o-nas\/cistenie-kurenia\/#primaryimage\"},\"image\":{\"@id\":\"https:\/\/www.instalaterstvojezik.sk\/o-nas\/cistenie-kurenia\/#primaryimage\"},\"thumbnailUrl\":\"https:\/\/www.instalaterstvojezik.sk\/o-nas\/wp-content\/uploads\/2022\/06\/Obrazok1.jpg\",\"datePublished\":\"2022-06-13T17:29:07+00:00\",\"dateModified\":\"2023-08-07T19:45:27+00:00\",\"breadcrumb\":{\"@id\":\"https:\/\/www.instalaterstvojezik.sk\/o-nas\/cistenie-kurenia\/#breadcrumb\"},\"inLanguage\":\"sk-SK\",\"potentialAction\":[{\"@type\":\"ReadAction\",\"target\":[\"https:\/\/www.instalaterstvojezik.sk\/o-nas\/cistenie-kurenia\/\"]}]},{\"@type\":\"ImageObject\",\"inLanguage\":\"sk-SK\",\"@id\":\"https:\/\/www.instalaterstvojezik.sk\/o-nas\/cistenie-kurenia\/#primaryimage\",\"url\":\"https:\/\/www.instalaterstvojezik.sk\/o-nas\/wp-content\/uploads\/2022\/06\/Obrazok1.jpg\",\"contentUrl\":\"https:\/\/www.instalaterstvojezik.sk\/o-nas\/wp-content\/uploads\/2022\/06\/Obrazok1.jpg\",\"width\":605,\"height\":399},{\"@type\":\"BreadcrumbList\",\"@id\":\"https:\/\/www.instalaterstvojezik.sk\/o-nas\/cistenie-kurenia\/#breadcrumb\",\"itemListElement\":[{\"@type\":\"ListItem\",\"position\":1,\"name\":\"Home\",\"item\":\"https:\/\/www.instalaterstvojezik.sk\/o-nas\/\"},{\"@type\":\"ListItem\",\"position\":2,\"name\":\"\u010cistenie K\u00farenia\"}]},{\"@type\":\"WebSite\",\"@id\":\"https:\/\/www.instalaterstvojezik.sk\/o-nas\/#website\",\"url\":\"https:\/\/www.instalaterstvojezik.sk\/o-nas\/\",\"name\":\"In\u0161talat\u00e9rstvo Je\u017e\u00edk, s. r. o.\",\"description\":\"\",\"publisher\":{\"@id\":\"https:\/\/www.instalaterstvojezik.sk\/o-nas\/#organization\"},\"potentialAction\":[{\"@type\":\"SearchAction\",\"target\":{\"@type\":\"EntryPoint\",\"urlTemplate\":\"https:\/\/www.instalaterstvojezik.sk\/o-nas\/?s={search_term_string}\"},\"query-input\":{\"@type\":\"PropertyValueSpecification\",\"valueRequired\":true,\"valueName\":\"search_term_string\"}}],\"inLanguage\":\"sk-SK\"},{\"@type\":\"Organization\",\"@id\":\"https:\/\/www.instalaterstvojezik.sk\/o-nas\/#organization\",\"name\":\"In\u0161talat\u00e9rstvo Je\u017e\u00edk, s. r. o.\",\"url\":\"https:\/\/www.instalaterstvojezik.sk\/o-nas\/\",\"logo\":{\"@type\":\"ImageObject\",\"inLanguage\":\"sk-SK\",\"@id\":\"https:\/\/www.instalaterstvojezik.sk\/o-nas\/#\/schema\/logo\/image\/\",\"url\":\"https:\/\/www.instalaterstvojezik.sk\/o-nas\/wp-content\/uploads\/2025\/03\/symbol_instalaterstvo@4x.png\",\"contentUrl\":\"https:\/\/www.instalaterstvojezik.sk\/o-nas\/wp-content\/uploads\/2025\/03\/symbol_instalaterstvo@4x.png\",\"width\":537,\"height\":366,\"caption\":\"In\u0161talat\u00e9rstvo Je\u017e\u00edk, s. r. o.\"},\"image\":{\"@id\":\"https:\/\/www.instalaterstvojezik.sk\/o-nas\/#\/schema\/logo\/image\/\"}}]}<\/script>\n<!-- \/ Yoast SEO plugin. -->","yoast_head_json":{"title":"\u010cistenie K\u00farenia - In\u0161talat\u00e9rstvo Je\u017e\u00edk, s. r. o.","robots":{"index":"index","follow":"follow","max-snippet":"max-snippet:-1","max-image-preview":"max-image-preview:large","max-video-preview":"max-video-preview:-1"},"canonical":"https:\/\/www.instalaterstvojezik.sk\/o-nas\/cistenie-kurenia\/","og_locale":"sk_SK","og_type":"article","og_title":"\u010cistenie K\u00farenia - In\u0161talat\u00e9rstvo Je\u017e\u00edk, s. r. o.","og_description":"M\u00e1te probl\u00e9my s podlahov\u00fdm alebo radi\u00e1torov\u00fdm k\u00faren\u00edm?Teplota v\u00a0miestnosti nie je rovnomern\u00e1?M\u00e1te studen\u00fd radi\u00e1tor? Na\u0161a firma In\u0161talat\u00e9rstvo Je\u017e\u00edk s.r.o, pon\u00faka rie\u0161enie.\u010cistenie a preplach vykurovacieho syst\u00e9mu pomocou pr\u00edstroja Rothenberger Ropuls eDM s pomocou kvalitn\u00fdch \u010distiacich l\u00e1tok.Po vy\u010disten\u00ed nasleduje meranie kvality vody &#8211; tvrdos\u0165, vodivos\u0165 a pH. Napustenie syst\u00e9mu demineralizovanou vodou.Napusten\u00fa vodu o\u0161etr\u00edme ochrann\u00fdmi l\u00e1tkami ktor\u00e9 zabr\u00e1nia op\u00e4tovn\u00e9mu us\u00e1dzaniu ne\u010dist\u00f4t. Na z\u00e1ver vykon\u00e1me kontrolu k\u00farenia a\u00a0vyregulovanie syst\u00e9mu. Na konci preplachu v\u00e1m stroj vygeneruje PDF s\u00fabor s\u00a0\u00fadajami prietokov pred ... \u010c\u00edta\u0165 viac","og_url":"https:\/\/www.instalaterstvojezik.sk\/o-nas\/cistenie-kurenia\/","og_site_name":"In\u0161talat\u00e9rstvo Je\u017e\u00edk, s. r. o.","article_modified_time":"2023-08-07T19:45:27+00:00","og_image":[{"url":"https:\/\/www.instalaterstvojezik.sk\/o-nas\/wp-content\/uploads\/2022\/06\/Obrazok1.jpg","type":"","width":"","height":""}],"twitter_card":"summary_large_image","twitter_misc":{"Predpokladan\u00fd \u010das \u010d\u00edtania":"2 min\u00faty"},"schema":{"@context":"https:\/\/schema.org","@graph":[{"@type":"WebPage","@id":"https:\/\/www.instalaterstvojezik.sk\/o-nas\/cistenie-kurenia\/","url":"https:\/\/www.instalaterstvojezik.sk\/o-nas\/cistenie-kurenia\/","name":"\u010cistenie K\u00farenia - In\u0161talat\u00e9rstvo Je\u017e\u00edk, s. r. o.","isPartOf":{"@id":"https:\/\/www.instalaterstvojezik.sk\/o-nas\/#website"},"primaryImageOfPage":{"@id":"https:\/\/www.instalaterstvojezik.sk\/o-nas\/cistenie-kurenia\/#primaryimage"},"image":{"@id":"https:\/\/www.instalaterstvojezik.sk\/o-nas\/cistenie-kurenia\/#primaryimage"},"thumbnailUrl":"https:\/\/www.instalaterstvojezik.sk\/o-nas\/wp-content\/uploads\/2022\/06\/Obrazok1.jpg","datePublished":"2022-06-13T17:29:07+00:00","dateModified":"2023-08-07T19:45:27+00:00","breadcrumb":{"@id":"https:\/\/www.instalaterstvojezik.sk\/o-nas\/cistenie-kurenia\/#breadcrumb"},"inLanguage":"sk-SK","potentialAction":[{"@type":"ReadAction","target":["https:\/\/www.instalaterstvojezik.sk\/o-nas\/cistenie-kurenia\/"]}]},{"@type":"ImageObject","inLanguage":"sk-SK","@id":"https:\/\/www.instalaterstvojezik.sk\/o-nas\/cistenie-kurenia\/#primaryimage","url":"https:\/\/www.instalaterstvojezik.sk\/o-nas\/wp-content\/uploads\/2022\/06\/Obrazok1.jpg","contentUrl":"https:\/\/www.instalaterstvojezik.sk\/o-nas\/wp-content\/uploads\/2022\/06\/Obrazok1.jpg","width":605,"height":399},{"@type":"BreadcrumbList","@id":"https:\/\/www.instalaterstvojezik.sk\/o-nas\/cistenie-kurenia\/#breadcrumb","itemListElement":[{"@type":"ListItem","position":1,"name":"Home","item":"https:\/\/www.instalaterstvojezik.sk\/o-nas\/"},{"@type":"ListItem","position":2,"name":"\u010cistenie K\u00farenia"}]},{"@type":"WebSite","@id":"https:\/\/www.instalaterstvojezik.sk\/o-nas\/#website","url":"https:\/\/www.instalaterstvojezik.sk\/o-nas\/","name":"In\u0161talat\u00e9rstvo Je\u017e\u00edk, s. r. o.","description":"","publisher":{"@id":"https:\/\/www.instalaterstvojezik.sk\/o-nas\/#organization"},"potentialAction":[{"@type":"SearchAction","target":{"@type":"EntryPoint","urlTemplate":"https:\/\/www.instalaterstvojezik.sk\/o-nas\/?s={search_term_string}"},"query-input":{"@type":"PropertyValueSpecification","valueRequired":true,"valueName":"search_term_string"}}],"inLanguage":"sk-SK"},{"@type":"Organization","@id":"https:\/\/www.instalaterstvojezik.sk\/o-nas\/#organization","name":"In\u0161talat\u00e9rstvo Je\u017e\u00edk, s. r. o.","url":"https:\/\/www.instalaterstvojezik.sk\/o-nas\/","logo":{"@type":"ImageObject","inLanguage":"sk-SK","@id":"https:\/\/www.instalaterstvojezik.sk\/o-nas\/#\/schema\/logo\/image\/","url":"https:\/\/www.instalaterstvojezik.sk\/o-nas\/wp-content\/uploads\/2025\/03\/symbol_instalaterstvo@4x.png","contentUrl":"https:\/\/www.instalaterstvojezik.sk\/o-nas\/wp-content\/uploads\/2025\/03\/symbol_instalaterstvo@4x.png","width":537,"height":366,"caption":"In\u0161talat\u00e9rstvo Je\u017e\u00edk, s. r. o."},"image":{"@id":"https:\/\/www.instalaterstvojezik.sk\/o-nas\/#\/schema\/logo\/image\/"}}]}},"_links":{"self":[{"href":"https:\/\/www.instalaterstvojezik.sk\/o-nas\/wp-json\/wp\/v2\/pages\/94","targetHints":{"allow":["GET"]}}],"collection":[{"href":"https:\/\/www.instalaterstvojezik.sk\/o-nas\/wp-json\/wp\/v2\/pages"}],"about":[{"href":"https:\/\/www.instalaterstvojezik.sk\/o-nas\/wp-json\/wp\/v2\/types\/page"}],"author":[{"embeddable":true,"href":"https:\/\/www.instalaterstvojezik.sk\/o-nas\/wp-json\/wp\/v2\/users\/1"}],"replies":[{"embeddable":true,"href":"https:\/\/www.instalaterstvojezik.sk\/o-nas\/wp-json\/wp\/v2\/comments?post=94"}],"version-history":[{"count":5,"href":"https:\/\/www.instalaterstvojezik.sk\/o-nas\/wp-json\/wp\/v2\/pages\/94\/revisions"}],"predecessor-version":[{"id":475,"href":"https:\/\/www.instalaterstvojezik.sk\/o-nas\/wp-json\/wp\/v2\/pages\/94\/revisions\/475"}],"wp:attachment":[{"href":"https:\/\/www.instalaterstvojezik.sk\/o-nas\/wp-json\/wp\/v2\/media?parent=94"}],"curies":[{"name":"wp","href":"https:\/\/api.w.org\/{rel}","templated":true}]}}