{"id":490,"date":"2025-03-16T19:24:06","date_gmt":"2025-03-16T19:24:06","guid":{"rendered":"https:\/\/www.instalaterstvojezik.sk\/o-nas\/?page_id=490"},"modified":"2025-03-16T19:24:07","modified_gmt":"2025-03-16T19:24:07","slug":"kontakt","status":"publish","type":"page","link":"https:\/\/www.instalaterstvojezik.sk\/o-nas\/kontakt\/","title":{"rendered":"Kontakt"},"content":{"rendered":"\n<div class=\"wp-block-columns is-layout-flex wp-container-core-columns-is-layout-1 wp-block-columns-is-layout-flex\">\n<div class=\"wp-block-column is-layout-flow wp-block-column-is-layout-flow\">\n<p class=\"has-text-align-center\"><strong>In\u0161talat\u00e9rstvo Je\u017eik, s. r. o.<\/strong><br>Fra\u0148a Kr\u00e1\u013ea 2080, 022 01 \u010cadca<\/p>\n\n\n\n<p class=\"has-text-align-center\">I\u010cO: 50779613<\/p>\n\n\n\n<p class=\"has-text-align-center\">DI\u010c: 2120467701<\/p>\n\n\n\n<p class=\"has-text-align-center\">I\u010c DPH: SK2120467701<\/p>\n\n\n\n<p class=\"has-text-align-center\"><strong>Telef\u00f3n: +421 908 048 258<br>E-mail: instalaterstvojezik@gmail.com<\/strong><\/p>\n<\/div>\n\n\n\n<div class=\"wp-block-column is-layout-flow wp-block-column-is-layout-flow\"><div class=\"wpforms-container wpforms-container-full\" id=\"wpforms-118\"><form id=\"wpforms-form-118\" class=\"wpforms-validate wpforms-form wpforms-ajax-form\" data-formid=\"118\" method=\"post\" enctype=\"multipart\/form-data\" action=\"\/o-nas\/wp-json\/wp\/v2\/pages\/490\" data-token=\"c8d40c796dc45af07de6eb66b9e4cdaf\" data-token-time=\"1777569917\"><noscript class=\"wpforms-error-noscript\">Please enable JavaScript in your browser to complete this form.<\/noscript><div class=\"wpforms-field-container\"><div id=\"wpforms-118-field_0-container\" class=\"wpforms-field wpforms-field-name\" data-field-id=\"0\"><label class=\"wpforms-field-label\" for=\"wpforms-118-field_0\">Meno a priezvisko <span class=\"wpforms-required-label\">*<\/span><\/label><input type=\"text\" id=\"wpforms-118-field_0\" class=\"wpforms-field-medium wpforms-field-required\" name=\"wpforms[fields][0]\" required><\/div><div id=\"wpforms-118-field_1-container\" class=\"wpforms-field wpforms-field-email\" data-field-id=\"1\"><label class=\"wpforms-field-label\" for=\"wpforms-118-field_1\">Email <span class=\"wpforms-required-label\">*<\/span><\/label><input type=\"email\" id=\"wpforms-118-field_1\" class=\"wpforms-field-medium wpforms-field-required\" name=\"wpforms[fields][1]\" spellcheck=\"false\" required><\/div><div id=\"wpforms-118-field_2-container\" class=\"wpforms-field wpforms-field-textarea\" data-field-id=\"2\"><label class=\"wpforms-field-label\" for=\"wpforms-118-field_2\">Va\u0161a spr\u00e1va <span class=\"wpforms-required-label\">*<\/span><\/label><textarea id=\"wpforms-118-field_2\" class=\"wpforms-field-medium wpforms-field-required\" name=\"wpforms[fields][2]\" required><\/textarea><\/div><\/div><!-- .wpforms-field-container --><div class=\"wpforms-recaptcha-container wpforms-is-recaptcha wpforms-is-recaptcha-type-v2\" ><div class=\"g-recaptcha\" data-sitekey=\"6LdREsgZAAAAAAFbqd5lVH9yHh__3Ij_0Xj6uesj\"><\/div><input type=\"text\" name=\"g-recaptcha-hidden\" class=\"wpforms-recaptcha-hidden\" style=\"position:absolute!important;clip:rect(0,0,0,0)!important;height:1px!important;width:1px!important;border:0!important;overflow:hidden!important;padding:0!important;margin:0!important;\" data-rule-recaptcha=\"1\"><\/div><div class=\"wpforms-submit-container\" ><input type=\"hidden\" name=\"wpforms[id]\" value=\"118\"><input type=\"hidden\" name=\"page_title\" value=\"\"><input type=\"hidden\" name=\"page_url\" value=\"https:\/\/www.instalaterstvojezik.sk\/o-nas\/wp-json\/wp\/v2\/pages\/490\"><input type=\"hidden\" name=\"url_referer\" value=\"\"><button type=\"submit\" name=\"wpforms[submit]\" id=\"wpforms-submit-118\" class=\"wpforms-submit\" data-alt-text=\"Odosielam...\" data-submit-text=\"Odosla\u0165\" aria-live=\"assertive\" value=\"wpforms-submit\">Odosla\u0165<\/button><img loading=\"lazy\" decoding=\"async\" src=\"https:\/\/www.instalaterstvojezik.sk\/o-nas\/wp-content\/plugins\/wpforms-lite\/assets\/images\/submit-spin.svg\" class=\"wpforms-submit-spinner\" style=\"display: none;\" width=\"26\" height=\"26\" alt=\"Loading\"><\/div><\/form><\/div>  <!-- .wpforms-container -->\n<\/div>\n<\/div>\n","protected":false},"excerpt":{"rendered":"<p>In\u0161talat\u00e9rstvo Je\u017eik, s. r. o.Fra\u0148a Kr\u00e1\u013ea 2080, 022 01 \u010cadca I\u010cO: 50779613 DI\u010c: 2120467701 I\u010c DPH: SK2120467701 Telef\u00f3n: +421 908 048 258E-mail: instalaterstvojezik@gmail.com<\/p>\n","protected":false},"author":1,"featured_media":0,"parent":0,"menu_order":0,"comment_status":"closed","ping_status":"closed","template":"","meta":{"_monsterinsights_skip_tracking":false,"_monsterinsights_sitenote_active":false,"_monsterinsights_sitenote_note":"","_monsterinsights_sitenote_category":0,"footnotes":""},"class_list":["post-490","page","type-page","status-publish"],"yoast_head":"<!-- This site is optimized with the Yoast SEO plugin v24.7 - https:\/\/yoast.com\/wordpress\/plugins\/seo\/ -->\n<title>Kontakt - In\u0161talat\u00e9rstvo Je\u017e\u00edk, s. r. o.<\/title>\n<meta name=\"robots\" content=\"index, follow, max-snippet:-1, max-image-preview:large, max-video-preview:-1\" \/>\n<link rel=\"canonical\" href=\"https:\/\/www.instalaterstvojezik.sk\/o-nas\/kontakt\/\" \/>\n<meta property=\"og:locale\" content=\"sk_SK\" \/>\n<meta property=\"og:type\" content=\"article\" \/>\n<meta property=\"og:title\" content=\"Kontakt - In\u0161talat\u00e9rstvo Je\u017e\u00edk, s. r. o.\" \/>\n<meta property=\"og:description\" content=\"In\u0161talat\u00e9rstvo Je\u017eik, s. r. o.Fra\u0148a Kr\u00e1\u013ea 2080, 022 01 \u010cadca I\u010cO: 50779613 DI\u010c: 2120467701 I\u010c DPH: SK2120467701 Telef\u00f3n: +421 908 048 258E-mail: instalaterstvojezik@gmail.com\" \/>\n<meta property=\"og:url\" content=\"https:\/\/www.instalaterstvojezik.sk\/o-nas\/kontakt\/\" \/>\n<meta property=\"og:site_name\" content=\"In\u0161talat\u00e9rstvo Je\u017e\u00edk, s. r. o.\" \/>\n<meta property=\"article:modified_time\" content=\"2025-03-16T19:24:07+00:00\" \/>\n<meta name=\"twitter:card\" content=\"summary_large_image\" \/>\n<meta name=\"twitter:label1\" content=\"Predpokladan\u00fd \u010das \u010d\u00edtania\" \/>\n\t<meta name=\"twitter:data1\" content=\"1 min\u00fata\" \/>\n<script type=\"application\/ld+json\" class=\"yoast-schema-graph\">{\"@context\":\"https:\/\/schema.org\",\"@graph\":[{\"@type\":\"WebPage\",\"@id\":\"https:\/\/www.instalaterstvojezik.sk\/o-nas\/kontakt\/\",\"url\":\"https:\/\/www.instalaterstvojezik.sk\/o-nas\/kontakt\/\",\"name\":\"Kontakt - In\u0161talat\u00e9rstvo Je\u017e\u00edk, s. r. o.\",\"isPartOf\":{\"@id\":\"https:\/\/www.instalaterstvojezik.sk\/o-nas\/#website\"},\"datePublished\":\"2025-03-16T19:24:06+00:00\",\"dateModified\":\"2025-03-16T19:24:07+00:00\",\"breadcrumb\":{\"@id\":\"https:\/\/www.instalaterstvojezik.sk\/o-nas\/kontakt\/#breadcrumb\"},\"inLanguage\":\"sk-SK\",\"potentialAction\":[{\"@type\":\"ReadAction\",\"target\":[\"https:\/\/www.instalaterstvojezik.sk\/o-nas\/kontakt\/\"]}]},{\"@type\":\"BreadcrumbList\",\"@id\":\"https:\/\/www.instalaterstvojezik.sk\/o-nas\/kontakt\/#breadcrumb\",\"itemListElement\":[{\"@type\":\"ListItem\",\"position\":1,\"name\":\"Home\",\"item\":\"https:\/\/www.instalaterstvojezik.sk\/o-nas\/\"},{\"@type\":\"ListItem\",\"position\":2,\"name\":\"Kontakt\"}]},{\"@type\":\"WebSite\",\"@id\":\"https:\/\/www.instalaterstvojezik.sk\/o-nas\/#website\",\"url\":\"https:\/\/www.instalaterstvojezik.sk\/o-nas\/\",\"name\":\"In\u0161talat\u00e9rstvo Je\u017e\u00edk, s. r. o.\",\"description\":\"\",\"publisher\":{\"@id\":\"https:\/\/www.instalaterstvojezik.sk\/o-nas\/#organization\"},\"potentialAction\":[{\"@type\":\"SearchAction\",\"target\":{\"@type\":\"EntryPoint\",\"urlTemplate\":\"https:\/\/www.instalaterstvojezik.sk\/o-nas\/?s={search_term_string}\"},\"query-input\":{\"@type\":\"PropertyValueSpecification\",\"valueRequired\":true,\"valueName\":\"search_term_string\"}}],\"inLanguage\":\"sk-SK\"},{\"@type\":\"Organization\",\"@id\":\"https:\/\/www.instalaterstvojezik.sk\/o-nas\/#organization\",\"name\":\"In\u0161talat\u00e9rstvo Je\u017e\u00edk, s. r. o.\",\"url\":\"https:\/\/www.instalaterstvojezik.sk\/o-nas\/\",\"logo\":{\"@type\":\"ImageObject\",\"inLanguage\":\"sk-SK\",\"@id\":\"https:\/\/www.instalaterstvojezik.sk\/o-nas\/#\/schema\/logo\/image\/\",\"url\":\"https:\/\/www.instalaterstvojezik.sk\/o-nas\/wp-content\/uploads\/2025\/03\/symbol_instalaterstvo@4x.png\",\"contentUrl\":\"https:\/\/www.instalaterstvojezik.sk\/o-nas\/wp-content\/uploads\/2025\/03\/symbol_instalaterstvo@4x.png\",\"width\":537,\"height\":366,\"caption\":\"In\u0161talat\u00e9rstvo Je\u017e\u00edk, s. r. o.\"},\"image\":{\"@id\":\"https:\/\/www.instalaterstvojezik.sk\/o-nas\/#\/schema\/logo\/image\/\"}}]}<\/script>\n<!-- \/ Yoast SEO plugin. -->","yoast_head_json":{"title":"Kontakt - In\u0161talat\u00e9rstvo Je\u017e\u00edk, s. r. o.","robots":{"index":"index","follow":"follow","max-snippet":"max-snippet:-1","max-image-preview":"max-image-preview:large","max-video-preview":"max-video-preview:-1"},"canonical":"https:\/\/www.instalaterstvojezik.sk\/o-nas\/kontakt\/","og_locale":"sk_SK","og_type":"article","og_title":"Kontakt - In\u0161talat\u00e9rstvo Je\u017e\u00edk, s. r. o.","og_description":"In\u0161talat\u00e9rstvo Je\u017eik, s. r. o.Fra\u0148a Kr\u00e1\u013ea 2080, 022 01 \u010cadca I\u010cO: 50779613 DI\u010c: 2120467701 I\u010c DPH: SK2120467701 Telef\u00f3n: +421 908 048 258E-mail: instalaterstvojezik@gmail.com","og_url":"https:\/\/www.instalaterstvojezik.sk\/o-nas\/kontakt\/","og_site_name":"In\u0161talat\u00e9rstvo Je\u017e\u00edk, s. r. o.","article_modified_time":"2025-03-16T19:24:07+00:00","twitter_card":"summary_large_image","twitter_misc":{"Predpokladan\u00fd \u010das \u010d\u00edtania":"1 min\u00fata"},"schema":{"@context":"https:\/\/schema.org","@graph":[{"@type":"WebPage","@id":"https:\/\/www.instalaterstvojezik.sk\/o-nas\/kontakt\/","url":"https:\/\/www.instalaterstvojezik.sk\/o-nas\/kontakt\/","name":"Kontakt - In\u0161talat\u00e9rstvo Je\u017e\u00edk, s. r. o.","isPartOf":{"@id":"https:\/\/www.instalaterstvojezik.sk\/o-nas\/#website"},"datePublished":"2025-03-16T19:24:06+00:00","dateModified":"2025-03-16T19:24:07+00:00","breadcrumb":{"@id":"https:\/\/www.instalaterstvojezik.sk\/o-nas\/kontakt\/#breadcrumb"},"inLanguage":"sk-SK","potentialAction":[{"@type":"ReadAction","target":["https:\/\/www.instalaterstvojezik.sk\/o-nas\/kontakt\/"]}]},{"@type":"BreadcrumbList","@id":"https:\/\/www.instalaterstvojezik.sk\/o-nas\/kontakt\/#breadcrumb","itemListElement":[{"@type":"ListItem","position":1,"name":"Home","item":"https:\/\/www.instalaterstvojezik.sk\/o-nas\/"},{"@type":"ListItem","position":2,"name":"Kontakt"}]},{"@type":"WebSite","@id":"https:\/\/www.instalaterstvojezik.sk\/o-nas\/#website","url":"https:\/\/www.instalaterstvojezik.sk\/o-nas\/","name":"In\u0161talat\u00e9rstvo Je\u017e\u00edk, s. r. o.","description":"","publisher":{"@id":"https:\/\/www.instalaterstvojezik.sk\/o-nas\/#organization"},"potentialAction":[{"@type":"SearchAction","target":{"@type":"EntryPoint","urlTemplate":"https:\/\/www.instalaterstvojezik.sk\/o-nas\/?s={search_term_string}"},"query-input":{"@type":"PropertyValueSpecification","valueRequired":true,"valueName":"search_term_string"}}],"inLanguage":"sk-SK"},{"@type":"Organization","@id":"https:\/\/www.instalaterstvojezik.sk\/o-nas\/#organization","name":"In\u0161talat\u00e9rstvo Je\u017e\u00edk, s. r. o.","url":"https:\/\/www.instalaterstvojezik.sk\/o-nas\/","logo":{"@type":"ImageObject","inLanguage":"sk-SK","@id":"https:\/\/www.instalaterstvojezik.sk\/o-nas\/#\/schema\/logo\/image\/","url":"https:\/\/www.instalaterstvojezik.sk\/o-nas\/wp-content\/uploads\/2025\/03\/symbol_instalaterstvo@4x.png","contentUrl":"https:\/\/www.instalaterstvojezik.sk\/o-nas\/wp-content\/uploads\/2025\/03\/symbol_instalaterstvo@4x.png","width":537,"height":366,"caption":"In\u0161talat\u00e9rstvo Je\u017e\u00edk, s. r. o."},"image":{"@id":"https:\/\/www.instalaterstvojezik.sk\/o-nas\/#\/schema\/logo\/image\/"}}]}},"_links":{"self":[{"href":"https:\/\/www.instalaterstvojezik.sk\/o-nas\/wp-json\/wp\/v2\/pages\/490","targetHints":{"allow":["GET"]}}],"collection":[{"href":"https:\/\/www.instalaterstvojezik.sk\/o-nas\/wp-json\/wp\/v2\/pages"}],"about":[{"href":"https:\/\/www.instalaterstvojezik.sk\/o-nas\/wp-json\/wp\/v2\/types\/page"}],"author":[{"embeddable":true,"href":"https:\/\/www.instalaterstvojezik.sk\/o-nas\/wp-json\/wp\/v2\/users\/1"}],"replies":[{"embeddable":true,"href":"https:\/\/www.instalaterstvojezik.sk\/o-nas\/wp-json\/wp\/v2\/comments?post=490"}],"version-history":[{"count":2,"href":"https:\/\/www.instalaterstvojezik.sk\/o-nas\/wp-json\/wp\/v2\/pages\/490\/revisions"}],"predecessor-version":[{"id":494,"href":"https:\/\/www.instalaterstvojezik.sk\/o-nas\/wp-json\/wp\/v2\/pages\/490\/revisions\/494"}],"wp:attachment":[{"href":"https:\/\/www.instalaterstvojezik.sk\/o-nas\/wp-json\/wp\/v2\/media?parent=490"}],"curies":[{"name":"wp","href":"https:\/\/api.w.org\/{rel}","templated":true}]}}