{"id":48,"date":"2022-06-13T15:44:05","date_gmt":"2022-06-13T15:44:05","guid":{"rendered":"https:\/\/www.instalaterstvojezik.sk\/o-nas\/?page_id=48"},"modified":"2023-08-07T19:49:06","modified_gmt":"2023-08-07T19:49:06","slug":"sluzby","status":"publish","type":"page","link":"https:\/\/www.instalaterstvojezik.sk\/o-nas\/sluzby\/","title":{"rendered":"Slu\u017eby"},"content":{"rendered":"\n<hr class=\"wp-block-separator has-alpha-channel-opacity\"\/>\n\n\n\n<div class=\"wp-block-columns is-layout-flex wp-container-core-columns-is-layout-1 wp-block-columns-is-layout-flex\">\n<div class=\"wp-block-column is-vertically-aligned-center is-layout-flow wp-block-column-is-layout-flow\" style=\"flex-basis:66.66%\">\n<h4 class=\"wp-block-heading has-text-align-center\"><strong>Realiz\u00e1cia rozvodov vody a kanaliz\u00e1cie <\/strong><\/h4>\n\n\n\n<h4 class=\"wp-block-heading has-text-align-center\"><strong>(rodinn\u00e9 domy, bytov\u00e9 domy)<\/strong><\/h4>\n<\/div>\n\n\n\n<div class=\"wp-block-column is-layout-flow wp-block-column-is-layout-flow\" style=\"flex-basis:33.33%\">\n<figure class=\"wp-block-gallery has-nested-images columns-default is-cropped wp-block-gallery-1 is-layout-flex wp-block-gallery-is-layout-flex\">\n<figure class=\"wp-block-image size-full sluzba-foto\"><img loading=\"lazy\" decoding=\"async\" width=\"960\" height=\"720\" src=\"https:\/\/www.instalaterstvojezik.sk\/o-nas\/wp-content\/uploads\/2022\/06\/241145948_3925675060872048_4340375428694631107_n-1.jpg\" alt=\"\" class=\"wp-image-283\" srcset=\"https:\/\/www.instalaterstvojezik.sk\/o-nas\/wp-content\/uploads\/2022\/06\/241145948_3925675060872048_4340375428694631107_n-1.jpg 960w, https:\/\/www.instalaterstvojezik.sk\/o-nas\/wp-content\/uploads\/2022\/06\/241145948_3925675060872048_4340375428694631107_n-1-300x225.jpg 300w, https:\/\/www.instalaterstvojezik.sk\/o-nas\/wp-content\/uploads\/2022\/06\/241145948_3925675060872048_4340375428694631107_n-1-768x576.jpg 768w\" sizes=\"auto, (max-width: 960px) 100vw, 960px\" \/><\/figure>\n<\/figure>\n<\/div>\n<\/div>\n\n\n\n<hr class=\"wp-block-separator has-alpha-channel-opacity\"\/>\n\n\n\n<div class=\"wp-block-columns is-layout-flex wp-container-core-columns-is-layout-2 wp-block-columns-is-layout-flex\">\n<div class=\"wp-block-column is-layout-flow wp-block-column-is-layout-flow\" style=\"flex-basis:33.33%\">\n<figure class=\"wp-block-gallery has-nested-images columns-default is-cropped wp-block-gallery-2 is-layout-flex wp-block-gallery-is-layout-flex\">\n<figure class=\"wp-block-image size-full sluzba-foto\"><img loading=\"lazy\" decoding=\"async\" width=\"750\" height=\"1000\" src=\"https:\/\/www.instalaterstvojezik.sk\/o-nas\/wp-content\/uploads\/2022\/06\/280327148_4700698673369679_917187790071220749_n.jpg\" alt=\"\" class=\"wp-image-202\" srcset=\"https:\/\/www.instalaterstvojezik.sk\/o-nas\/wp-content\/uploads\/2022\/06\/280327148_4700698673369679_917187790071220749_n.jpg 750w, https:\/\/www.instalaterstvojezik.sk\/o-nas\/wp-content\/uploads\/2022\/06\/280327148_4700698673369679_917187790071220749_n-225x300.jpg 225w\" sizes=\"auto, (max-width: 750px) 100vw, 750px\" \/><\/figure>\n<\/figure>\n<\/div>\n\n\n\n<div class=\"wp-block-column is-vertically-aligned-center is-layout-flow wp-block-column-is-layout-flow\" style=\"flex-basis:66.66%\">\n<h4 class=\"wp-block-heading has-text-align-center\"><strong>Tepeln\u00e9 \u010derpadl\u00e1 DAIKIN, SAMSUNG <\/strong><\/h4>\n\n\n\n<h4 class=\"wp-block-heading has-text-align-center\"><strong>vr\u00e1tane uplatnenia \u0161t\u00e1tnej dot\u00e1cie projekt zelen\u00e1 dom\u00e1cnostiam<\/strong><\/h4>\n\n\n\n<div class=\"wp-block-buttons is-content-justification-center is-layout-flex wp-container-core-buttons-is-layout-1 wp-block-buttons-is-layout-flex\">\n<div class=\"wp-block-button btn-zaujem\"><a class=\"wp-block-button__link has-accent-background-color has-background wp-element-button\" href=\"https:\/\/www.instalaterstvojezik.sk\/o-nas\/mate-zaujem-o-teplene-cerpadlo\/\" target=\"_blank\" rel=\"noreferrer noopener\">M\u00e1m z\u00e1ujem o cenov\u00fa ponuku<\/a><\/div>\n<\/div>\n<\/div>\n<\/div>\n\n\n\n<hr class=\"wp-block-separator has-alpha-channel-opacity\"\/>\n\n\n\n<div class=\"wp-block-columns is-layout-flex wp-container-core-columns-is-layout-3 wp-block-columns-is-layout-flex\">\n<div class=\"wp-block-column is-vertically-aligned-center is-layout-flow wp-block-column-is-layout-flow\" style=\"flex-basis:66.66%\">\n<h4 class=\"wp-block-heading has-text-align-center\"><strong>Sol\u00e1rne syst\u00e9my vr\u00e1tane uplatnenia \u0161t\u00e1tnej dot\u00e1cie<\/strong><\/h4>\n\n\n\n<h4 class=\"wp-block-heading has-text-align-center\"><strong>cez projekt zelen\u00e1 dom\u00e1cnostiam<\/strong><\/h4>\n<\/div>\n\n\n\n<div class=\"wp-block-column is-layout-flow wp-block-column-is-layout-flow\" style=\"flex-basis:33.33%\">\n<figure class=\"wp-block-gallery has-nested-images columns-default is-cropped wp-block-gallery-3 is-layout-flex wp-block-gallery-is-layout-flex\">\n<figure class=\"wp-block-image size-full sluzba-foto\"><img loading=\"lazy\" decoding=\"async\" width=\"720\" height=\"960\" src=\"https:\/\/www.instalaterstvojezik.sk\/o-nas\/wp-content\/uploads\/2022\/06\/168300892_3498813156891576_5178355436601780237_n.jpg\" alt=\"\" class=\"wp-image-317\" srcset=\"https:\/\/www.instalaterstvojezik.sk\/o-nas\/wp-content\/uploads\/2022\/06\/168300892_3498813156891576_5178355436601780237_n.jpg 720w, https:\/\/www.instalaterstvojezik.sk\/o-nas\/wp-content\/uploads\/2022\/06\/168300892_3498813156891576_5178355436601780237_n-225x300.jpg 225w\" sizes=\"auto, (max-width: 720px) 100vw, 720px\" \/><\/figure>\n<\/figure>\n<\/div>\n<\/div>\n\n\n\n<hr class=\"wp-block-separator has-alpha-channel-opacity\"\/>\n\n\n\n<div class=\"wp-block-columns is-layout-flex wp-container-core-columns-is-layout-4 wp-block-columns-is-layout-flex\">\n<div class=\"wp-block-column is-layout-flow wp-block-column-is-layout-flow\" style=\"flex-basis:33.33%\">\n<figure class=\"wp-block-gallery has-nested-images columns-default is-cropped wp-block-gallery-4 is-layout-flex wp-block-gallery-is-layout-flex\">\n<figure class=\"wp-block-image size-full sluzba-foto\"><img loading=\"lazy\" decoding=\"async\" width=\"750\" height=\"1000\" src=\"https:\/\/www.instalaterstvojezik.sk\/o-nas\/wp-content\/uploads\/2022\/06\/280296234_4700698553369691_6325282593670552441_n-1.jpg\" alt=\"\" class=\"wp-image-320\" srcset=\"https:\/\/www.instalaterstvojezik.sk\/o-nas\/wp-content\/uploads\/2022\/06\/280296234_4700698553369691_6325282593670552441_n-1.jpg 750w, https:\/\/www.instalaterstvojezik.sk\/o-nas\/wp-content\/uploads\/2022\/06\/280296234_4700698553369691_6325282593670552441_n-1-225x300.jpg 225w\" sizes=\"auto, (max-width: 750px) 100vw, 750px\" \/><\/figure>\n<\/figure>\n<\/div>\n\n\n\n<div class=\"wp-block-column is-vertically-aligned-center is-layout-flow wp-block-column-is-layout-flow\" style=\"flex-basis:66.66%\">\n<h4 class=\"wp-block-heading has-text-align-center\"><strong>Realiz\u00e1cia k\u00farenia (kotolne, haly, rodinn\u00e9 domy) <\/strong><\/h4>\n\n\n\n<h4 class=\"wp-block-heading has-text-align-center\"><strong>Podlahov\u00e9 k\u00farenie  pre v\u0161etky dostupn\u00e9 materi\u00e1ly na trhu ( syst\u00e9mov\u00e1 doska, f\u00f3lia )<\/strong><\/h4>\n\n\n\n<h4 class=\"wp-block-heading has-text-align-center\"><strong>Rozvody a mont\u00e1\u017e radi\u00e1torov ( pex alpex, med, \u017eelezo).<\/strong><\/h4>\n<\/div>\n<\/div>\n\n\n\n<hr class=\"wp-block-separator has-alpha-channel-opacity\"\/>\n\n\n\n<div class=\"wp-block-columns is-layout-flex wp-container-core-columns-is-layout-5 wp-block-columns-is-layout-flex\">\n<div class=\"wp-block-column is-vertically-aligned-center is-layout-flow wp-block-column-is-layout-flow\" style=\"flex-basis:66.66%\">\n<h4 class=\"wp-block-heading has-text-align-center\"><strong>M\u00f4\u017eete n\u00e1s kontaktova\u0165 aj v r\u00e1mci por\u00fach a drobn\u00fdch opr\u00e1v.<\/strong><\/h4>\n\n\n\n<p class=\"has-text-align-center\"><a href=\"tel:+421 908 048 258\" class=\"flex-icon flex-center\"><img decoding=\"async\" src=\"\/o-nas\/wp-content\/uploads\/2023\/06\/telephone.png\" width=\"20px\"><strong>+421 908 048 258<\/strong><\/a><\/p>\n\n\n\n<p class=\"has-text-align-center\"><a href=\"mailto:info@instalaterstvojezik.sk\" class=\"flex-icon flex-center\"><img decoding=\"async\" src=\"\/o-nas\/wp-content\/uploads\/2023\/06\/email.png\" width=\"20px\"><strong>info@instalaterstvojezik.sk<\/strong><\/a><\/p>\n<\/div>\n\n\n\n<div class=\"wp-block-column is-layout-flow wp-block-column-is-layout-flow\" style=\"flex-basis:33.33%\">\n<figure class=\"wp-block-gallery has-nested-images columns-default is-cropped wp-block-gallery-5 is-layout-flex wp-block-gallery-is-layout-flex\">\n<figure class=\"wp-block-image size-full sluzba-foto\"><img loading=\"lazy\" decoding=\"async\" width=\"960\" height=\"646\" src=\"https:\/\/www.instalaterstvojezik.sk\/o-nas\/wp-content\/uploads\/2022\/06\/275589547_4550627908376757_3306873989867183600_n.jpg\" alt=\"\" class=\"wp-image-326\" srcset=\"https:\/\/www.instalaterstvojezik.sk\/o-nas\/wp-content\/uploads\/2022\/06\/275589547_4550627908376757_3306873989867183600_n.jpg 960w, https:\/\/www.instalaterstvojezik.sk\/o-nas\/wp-content\/uploads\/2022\/06\/275589547_4550627908376757_3306873989867183600_n-300x202.jpg 300w, https:\/\/www.instalaterstvojezik.sk\/o-nas\/wp-content\/uploads\/2022\/06\/275589547_4550627908376757_3306873989867183600_n-768x517.jpg 768w\" sizes=\"auto, (max-width: 960px) 100vw, 960px\" \/><\/figure>\n<\/figure>\n<\/div>\n<\/div>\n\n\n\n<hr class=\"wp-block-separator has-alpha-channel-opacity\"\/>\n","protected":false},"excerpt":{"rendered":"<p>Realiz\u00e1cia rozvodov vody a kanaliz\u00e1cie (rodinn\u00e9 domy, bytov\u00e9 domy) Tepeln\u00e9 \u010derpadl\u00e1 DAIKIN, SAMSUNG vr\u00e1tane uplatnenia \u0161t\u00e1tnej dot\u00e1cie projekt zelen\u00e1 dom\u00e1cnostiam Sol\u00e1rne syst\u00e9my vr\u00e1tane uplatnenia \u0161t\u00e1tnej dot\u00e1cie cez projekt zelen\u00e1 dom\u00e1cnostiam Realiz\u00e1cia k\u00farenia (kotolne, haly, rodinn\u00e9 domy) Podlahov\u00e9 k\u00farenie pre v\u0161etky dostupn\u00e9 materi\u00e1ly na trhu ( syst\u00e9mov\u00e1 doska, f\u00f3lia ) Rozvody a mont\u00e1\u017e radi\u00e1torov ( pex alpex, med, \u017eelezo). M\u00f4\u017eete n\u00e1s kontaktova\u0165 aj v r\u00e1mci por\u00fach a drobn\u00fdch opr\u00e1v. +421 908 048 258 info@instalaterstvojezik.sk<\/p>\n","protected":false},"author":1,"featured_media":0,"parent":0,"menu_order":0,"comment_status":"closed","ping_status":"closed","template":"","meta":{"_monsterinsights_skip_tracking":false,"_monsterinsights_sitenote_active":false,"_monsterinsights_sitenote_note":"","_monsterinsights_sitenote_category":0,"footnotes":""},"class_list":["post-48","page","type-page","status-publish"],"yoast_head":"<!-- This site is optimized with the Yoast SEO plugin v24.7 - https:\/\/yoast.com\/wordpress\/plugins\/seo\/ -->\n<title>Slu\u017eby - In\u0161talat\u00e9rstvo Je\u017e\u00edk, s. r. o.<\/title>\n<meta name=\"robots\" content=\"index, follow, max-snippet:-1, max-image-preview:large, max-video-preview:-1\" \/>\n<link rel=\"canonical\" href=\"https:\/\/www.instalaterstvojezik.sk\/o-nas\/sluzby\/\" \/>\n<meta property=\"og:locale\" content=\"sk_SK\" \/>\n<meta property=\"og:type\" content=\"article\" \/>\n<meta property=\"og:title\" content=\"Slu\u017eby - In\u0161talat\u00e9rstvo Je\u017e\u00edk, s. r. o.\" \/>\n<meta property=\"og:description\" content=\"Realiz\u00e1cia rozvodov vody a kanaliz\u00e1cie (rodinn\u00e9 domy, bytov\u00e9 domy) Tepeln\u00e9 \u010derpadl\u00e1 DAIKIN, SAMSUNG vr\u00e1tane uplatnenia \u0161t\u00e1tnej dot\u00e1cie projekt zelen\u00e1 dom\u00e1cnostiam Sol\u00e1rne syst\u00e9my vr\u00e1tane uplatnenia \u0161t\u00e1tnej dot\u00e1cie cez projekt zelen\u00e1 dom\u00e1cnostiam Realiz\u00e1cia k\u00farenia (kotolne, haly, rodinn\u00e9 domy) Podlahov\u00e9 k\u00farenie pre v\u0161etky dostupn\u00e9 materi\u00e1ly na trhu ( syst\u00e9mov\u00e1 doska, f\u00f3lia ) Rozvody a mont\u00e1\u017e radi\u00e1torov ( pex alpex, med, \u017eelezo). M\u00f4\u017eete n\u00e1s kontaktova\u0165 aj v r\u00e1mci por\u00fach a drobn\u00fdch opr\u00e1v. +421 908 048 258 info@instalaterstvojezik.sk\" \/>\n<meta property=\"og:url\" content=\"https:\/\/www.instalaterstvojezik.sk\/o-nas\/sluzby\/\" \/>\n<meta property=\"og:site_name\" content=\"In\u0161talat\u00e9rstvo Je\u017e\u00edk, s. r. o.\" \/>\n<meta property=\"article:modified_time\" content=\"2023-08-07T19:49:06+00:00\" \/>\n<meta property=\"og:image\" content=\"https:\/\/www.instalaterstvojezik.sk\/o-nas\/wp-content\/uploads\/2022\/06\/241145948_3925675060872048_4340375428694631107_n-1.jpg\" \/>\n<meta name=\"twitter:card\" content=\"summary_large_image\" \/>\n<meta name=\"twitter:label1\" content=\"Predpokladan\u00fd \u010das \u010d\u00edtania\" \/>\n\t<meta name=\"twitter:data1\" content=\"2 min\u00faty\" \/>\n<script type=\"application\/ld+json\" class=\"yoast-schema-graph\">{\"@context\":\"https:\/\/schema.org\",\"@graph\":[{\"@type\":\"WebPage\",\"@id\":\"https:\/\/www.instalaterstvojezik.sk\/o-nas\/sluzby\/\",\"url\":\"https:\/\/www.instalaterstvojezik.sk\/o-nas\/sluzby\/\",\"name\":\"Slu\u017eby - In\u0161talat\u00e9rstvo Je\u017e\u00edk, s. r. o.\",\"isPartOf\":{\"@id\":\"https:\/\/www.instalaterstvojezik.sk\/o-nas\/#website\"},\"primaryImageOfPage\":{\"@id\":\"https:\/\/www.instalaterstvojezik.sk\/o-nas\/sluzby\/#primaryimage\"},\"image\":{\"@id\":\"https:\/\/www.instalaterstvojezik.sk\/o-nas\/sluzby\/#primaryimage\"},\"thumbnailUrl\":\"https:\/\/www.instalaterstvojezik.sk\/o-nas\/wp-content\/uploads\/2022\/06\/241145948_3925675060872048_4340375428694631107_n-1.jpg\",\"datePublished\":\"2022-06-13T15:44:05+00:00\",\"dateModified\":\"2023-08-07T19:49:06+00:00\",\"breadcrumb\":{\"@id\":\"https:\/\/www.instalaterstvojezik.sk\/o-nas\/sluzby\/#breadcrumb\"},\"inLanguage\":\"sk-SK\",\"potentialAction\":[{\"@type\":\"ReadAction\",\"target\":[\"https:\/\/www.instalaterstvojezik.sk\/o-nas\/sluzby\/\"]}]},{\"@type\":\"ImageObject\",\"inLanguage\":\"sk-SK\",\"@id\":\"https:\/\/www.instalaterstvojezik.sk\/o-nas\/sluzby\/#primaryimage\",\"url\":\"https:\/\/www.instalaterstvojezik.sk\/o-nas\/wp-content\/uploads\/2022\/06\/241145948_3925675060872048_4340375428694631107_n-1.jpg\",\"contentUrl\":\"https:\/\/www.instalaterstvojezik.sk\/o-nas\/wp-content\/uploads\/2022\/06\/241145948_3925675060872048_4340375428694631107_n-1.jpg\",\"width\":960,\"height\":720},{\"@type\":\"BreadcrumbList\",\"@id\":\"https:\/\/www.instalaterstvojezik.sk\/o-nas\/sluzby\/#breadcrumb\",\"itemListElement\":[{\"@type\":\"ListItem\",\"position\":1,\"name\":\"Home\",\"item\":\"https:\/\/www.instalaterstvojezik.sk\/o-nas\/\"},{\"@type\":\"ListItem\",\"position\":2,\"name\":\"Slu\u017eby\"}]},{\"@type\":\"WebSite\",\"@id\":\"https:\/\/www.instalaterstvojezik.sk\/o-nas\/#website\",\"url\":\"https:\/\/www.instalaterstvojezik.sk\/o-nas\/\",\"name\":\"In\u0161talat\u00e9rstvo Je\u017e\u00edk, s. r. o.\",\"description\":\"\",\"publisher\":{\"@id\":\"https:\/\/www.instalaterstvojezik.sk\/o-nas\/#organization\"},\"potentialAction\":[{\"@type\":\"SearchAction\",\"target\":{\"@type\":\"EntryPoint\",\"urlTemplate\":\"https:\/\/www.instalaterstvojezik.sk\/o-nas\/?s={search_term_string}\"},\"query-input\":{\"@type\":\"PropertyValueSpecification\",\"valueRequired\":true,\"valueName\":\"search_term_string\"}}],\"inLanguage\":\"sk-SK\"},{\"@type\":\"Organization\",\"@id\":\"https:\/\/www.instalaterstvojezik.sk\/o-nas\/#organization\",\"name\":\"In\u0161talat\u00e9rstvo Je\u017e\u00edk, s. r. o.\",\"url\":\"https:\/\/www.instalaterstvojezik.sk\/o-nas\/\",\"logo\":{\"@type\":\"ImageObject\",\"inLanguage\":\"sk-SK\",\"@id\":\"https:\/\/www.instalaterstvojezik.sk\/o-nas\/#\/schema\/logo\/image\/\",\"url\":\"https:\/\/www.instalaterstvojezik.sk\/o-nas\/wp-content\/uploads\/2025\/03\/symbol_instalaterstvo@4x.png\",\"contentUrl\":\"https:\/\/www.instalaterstvojezik.sk\/o-nas\/wp-content\/uploads\/2025\/03\/symbol_instalaterstvo@4x.png\",\"width\":537,\"height\":366,\"caption\":\"In\u0161talat\u00e9rstvo Je\u017e\u00edk, s. r. o.\"},\"image\":{\"@id\":\"https:\/\/www.instalaterstvojezik.sk\/o-nas\/#\/schema\/logo\/image\/\"}}]}<\/script>\n<!-- \/ Yoast SEO plugin. -->","yoast_head_json":{"title":"Slu\u017eby - In\u0161talat\u00e9rstvo Je\u017e\u00edk, s. r. o.","robots":{"index":"index","follow":"follow","max-snippet":"max-snippet:-1","max-image-preview":"max-image-preview:large","max-video-preview":"max-video-preview:-1"},"canonical":"https:\/\/www.instalaterstvojezik.sk\/o-nas\/sluzby\/","og_locale":"sk_SK","og_type":"article","og_title":"Slu\u017eby - In\u0161talat\u00e9rstvo Je\u017e\u00edk, s. r. o.","og_description":"Realiz\u00e1cia rozvodov vody a kanaliz\u00e1cie (rodinn\u00e9 domy, bytov\u00e9 domy) Tepeln\u00e9 \u010derpadl\u00e1 DAIKIN, SAMSUNG vr\u00e1tane uplatnenia \u0161t\u00e1tnej dot\u00e1cie projekt zelen\u00e1 dom\u00e1cnostiam Sol\u00e1rne syst\u00e9my vr\u00e1tane uplatnenia \u0161t\u00e1tnej dot\u00e1cie cez projekt zelen\u00e1 dom\u00e1cnostiam Realiz\u00e1cia k\u00farenia (kotolne, haly, rodinn\u00e9 domy) Podlahov\u00e9 k\u00farenie pre v\u0161etky dostupn\u00e9 materi\u00e1ly na trhu ( syst\u00e9mov\u00e1 doska, f\u00f3lia ) Rozvody a mont\u00e1\u017e radi\u00e1torov ( pex alpex, med, \u017eelezo). M\u00f4\u017eete n\u00e1s kontaktova\u0165 aj v r\u00e1mci por\u00fach a drobn\u00fdch opr\u00e1v. +421 908 048 258 info@instalaterstvojezik.sk","og_url":"https:\/\/www.instalaterstvojezik.sk\/o-nas\/sluzby\/","og_site_name":"In\u0161talat\u00e9rstvo Je\u017e\u00edk, s. r. o.","article_modified_time":"2023-08-07T19:49:06+00:00","og_image":[{"url":"https:\/\/www.instalaterstvojezik.sk\/o-nas\/wp-content\/uploads\/2022\/06\/241145948_3925675060872048_4340375428694631107_n-1.jpg","type":"","width":"","height":""}],"twitter_card":"summary_large_image","twitter_misc":{"Predpokladan\u00fd \u010das \u010d\u00edtania":"2 min\u00faty"},"schema":{"@context":"https:\/\/schema.org","@graph":[{"@type":"WebPage","@id":"https:\/\/www.instalaterstvojezik.sk\/o-nas\/sluzby\/","url":"https:\/\/www.instalaterstvojezik.sk\/o-nas\/sluzby\/","name":"Slu\u017eby - In\u0161talat\u00e9rstvo Je\u017e\u00edk, s. r. o.","isPartOf":{"@id":"https:\/\/www.instalaterstvojezik.sk\/o-nas\/#website"},"primaryImageOfPage":{"@id":"https:\/\/www.instalaterstvojezik.sk\/o-nas\/sluzby\/#primaryimage"},"image":{"@id":"https:\/\/www.instalaterstvojezik.sk\/o-nas\/sluzby\/#primaryimage"},"thumbnailUrl":"https:\/\/www.instalaterstvojezik.sk\/o-nas\/wp-content\/uploads\/2022\/06\/241145948_3925675060872048_4340375428694631107_n-1.jpg","datePublished":"2022-06-13T15:44:05+00:00","dateModified":"2023-08-07T19:49:06+00:00","breadcrumb":{"@id":"https:\/\/www.instalaterstvojezik.sk\/o-nas\/sluzby\/#breadcrumb"},"inLanguage":"sk-SK","potentialAction":[{"@type":"ReadAction","target":["https:\/\/www.instalaterstvojezik.sk\/o-nas\/sluzby\/"]}]},{"@type":"ImageObject","inLanguage":"sk-SK","@id":"https:\/\/www.instalaterstvojezik.sk\/o-nas\/sluzby\/#primaryimage","url":"https:\/\/www.instalaterstvojezik.sk\/o-nas\/wp-content\/uploads\/2022\/06\/241145948_3925675060872048_4340375428694631107_n-1.jpg","contentUrl":"https:\/\/www.instalaterstvojezik.sk\/o-nas\/wp-content\/uploads\/2022\/06\/241145948_3925675060872048_4340375428694631107_n-1.jpg","width":960,"height":720},{"@type":"BreadcrumbList","@id":"https:\/\/www.instalaterstvojezik.sk\/o-nas\/sluzby\/#breadcrumb","itemListElement":[{"@type":"ListItem","position":1,"name":"Home","item":"https:\/\/www.instalaterstvojezik.sk\/o-nas\/"},{"@type":"ListItem","position":2,"name":"Slu\u017eby"}]},{"@type":"WebSite","@id":"https:\/\/www.instalaterstvojezik.sk\/o-nas\/#website","url":"https:\/\/www.instalaterstvojezik.sk\/o-nas\/","name":"In\u0161talat\u00e9rstvo Je\u017e\u00edk, s. r. o.","description":"","publisher":{"@id":"https:\/\/www.instalaterstvojezik.sk\/o-nas\/#organization"},"potentialAction":[{"@type":"SearchAction","target":{"@type":"EntryPoint","urlTemplate":"https:\/\/www.instalaterstvojezik.sk\/o-nas\/?s={search_term_string}"},"query-input":{"@type":"PropertyValueSpecification","valueRequired":true,"valueName":"search_term_string"}}],"inLanguage":"sk-SK"},{"@type":"Organization","@id":"https:\/\/www.instalaterstvojezik.sk\/o-nas\/#organization","name":"In\u0161talat\u00e9rstvo Je\u017e\u00edk, s. r. o.","url":"https:\/\/www.instalaterstvojezik.sk\/o-nas\/","logo":{"@type":"ImageObject","inLanguage":"sk-SK","@id":"https:\/\/www.instalaterstvojezik.sk\/o-nas\/#\/schema\/logo\/image\/","url":"https:\/\/www.instalaterstvojezik.sk\/o-nas\/wp-content\/uploads\/2025\/03\/symbol_instalaterstvo@4x.png","contentUrl":"https:\/\/www.instalaterstvojezik.sk\/o-nas\/wp-content\/uploads\/2025\/03\/symbol_instalaterstvo@4x.png","width":537,"height":366,"caption":"In\u0161talat\u00e9rstvo Je\u017e\u00edk, s. r. o."},"image":{"@id":"https:\/\/www.instalaterstvojezik.sk\/o-nas\/#\/schema\/logo\/image\/"}}]}},"_links":{"self":[{"href":"https:\/\/www.instalaterstvojezik.sk\/o-nas\/wp-json\/wp\/v2\/pages\/48","targetHints":{"allow":["GET"]}}],"collection":[{"href":"https:\/\/www.instalaterstvojezik.sk\/o-nas\/wp-json\/wp\/v2\/pages"}],"about":[{"href":"https:\/\/www.instalaterstvojezik.sk\/o-nas\/wp-json\/wp\/v2\/types\/page"}],"author":[{"embeddable":true,"href":"https:\/\/www.instalaterstvojezik.sk\/o-nas\/wp-json\/wp\/v2\/users\/1"}],"replies":[{"embeddable":true,"href":"https:\/\/www.instalaterstvojezik.sk\/o-nas\/wp-json\/wp\/v2\/comments?post=48"}],"version-history":[{"count":6,"href":"https:\/\/www.instalaterstvojezik.sk\/o-nas\/wp-json\/wp\/v2\/pages\/48\/revisions"}],"predecessor-version":[{"id":480,"href":"https:\/\/www.instalaterstvojezik.sk\/o-nas\/wp-json\/wp\/v2\/pages\/48\/revisions\/480"}],"wp:attachment":[{"href":"https:\/\/www.instalaterstvojezik.sk\/o-nas\/wp-json\/wp\/v2\/media?parent=48"}],"curies":[{"name":"wp","href":"https:\/\/api.w.org\/{rel}","templated":true}]}}