{"id":39,"date":"2022-06-13T15:39:43","date_gmt":"2022-06-13T15:39:43","guid":{"rendered":"https:\/\/www.instalaterstvojezik.sk\/o-nas\/?page_id=39"},"modified":"2023-08-07T19:26:22","modified_gmt":"2023-08-07T19:26:22","slug":"realizacie","status":"publish","type":"page","link":"https:\/\/www.instalaterstvojezik.sk\/o-nas\/realizacie\/","title":{"rendered":"Realiz\u00e1cie"},"content":{"rendered":"\n<h4 class=\"wp-block-heading has-text-align-center\"><strong>Mont\u00e1\u017e \u010derpadiel vody.<\/strong><\/h4>\n\n\n\n<div class=\"wp-block-columns is-layout-flex wp-container-core-columns-is-layout-1 wp-block-columns-is-layout-flex\">\n<div class=\"wp-block-column is-layout-flow wp-block-column-is-layout-flow\" style=\"flex-basis:25%\"><\/div>\n\n\n\n<div class=\"wp-block-column is-vertically-aligned-center is-layout-flow wp-block-column-is-layout-flow\" style=\"flex-basis:50%\">\t\t<div class=\"fotorama responsive-image-silder\" \n\t\t\tdata-width=\"100%\" \n\t\t\tdata-height=\"450px\" \n\t\t\tdata-nav=\"dots\"\n\t\t\tdata-navwidth=\"\"\t\t\n\t\t\tdata-allowfullscreen=\"true\" \n\t\t\tdata-fit=\"cover\" \n\t\t\tdata-transitionduration=\"300\" \n\t\t\tdata-autoplay=\"true\" \n\t\t\tdata-loop=\"true\" \n\t\t\tdata-arrows=\"true\" \n\t\t\tdata-swipe=\"true\" \n\t\t\tdata-spinner=\"true\" \n\t\t\tdata-transition=\"slide\" \n\t\t>\n\t\t\t\t\t\t\t\t<img decoding=\"async\" src=\"https:\/\/www.instalaterstvojezik.sk\/o-nas\/wp-content\/uploads\/2022\/06\/IMG_6908-scaled.jpeg\" data-caption=\"\">\n\t\t\t\t\t\t\t\t\t\t \t\t\t\t\t<img decoding=\"async\" src=\"https:\/\/www.instalaterstvojezik.sk\/o-nas\/wp-content\/uploads\/2022\/06\/IMG_6906-scaled.jpeg\" data-caption=\"\">\n\t\t\t\t\t\t\t\t\t\t \t\t\t\t\t<img decoding=\"async\" src=\"https:\/\/www.instalaterstvojezik.sk\/o-nas\/wp-content\/uploads\/2022\/06\/IMG_6911-scaled.jpeg\" data-caption=\"\">\n\t\t\t\t\t\t\t\t\t\t \t\t\t\t\t<img decoding=\"async\" src=\"https:\/\/www.instalaterstvojezik.sk\/o-nas\/wp-content\/uploads\/2022\/06\/277572019_4598615623577985_4455539002779378589_n.jpg\" data-caption=\"\">\n\t\t\t\t\t\t\t\t\t\t \t\t\t\t\t<img decoding=\"async\" src=\"https:\/\/www.instalaterstvojezik.sk\/o-nas\/wp-content\/uploads\/2022\/06\/277724010_4598614856911395_3245638601450750612_n.jpg\" data-caption=\"\">\n\t\t\t\t\t\t\t\t\t\t \t\t\t\t\t<img decoding=\"async\" src=\"https:\/\/www.instalaterstvojezik.sk\/o-nas\/wp-content\/uploads\/2022\/06\/277569303_4598615816911299_3417655958544089436_n.jpg\" data-caption=\"\">\n\t\t\t\t\t\t\t\t\t\t \t\t<\/div>\n\t\t\n<\/div>\n\n\n\n<div class=\"wp-block-column is-layout-flow wp-block-column-is-layout-flow\" style=\"flex-basis:25%\"><\/div>\n<\/div>\n\n\n\n<hr class=\"wp-block-separator has-alpha-channel-opacity\"\/>\n\n\n\n<h4 class=\"wp-block-heading has-text-align-center\"><strong>Preplach podlahov\u00e9ho k\u00farenia<\/strong><\/h4>\n\n\n\n<div class=\"wp-block-columns is-layout-flex wp-container-core-columns-is-layout-2 wp-block-columns-is-layout-flex\">\n<div class=\"wp-block-column is-layout-flow wp-block-column-is-layout-flow\" style=\"flex-basis:25%\"><\/div>\n\n\n\n<div class=\"wp-block-column is-vertically-aligned-center is-layout-flow wp-block-column-is-layout-flow\" style=\"flex-basis:50%\">\t\t<div class=\"fotorama responsive-image-silder\" \n\t\t\tdata-width=\"100%\" \n\t\t\tdata-height=\"450px\" \n\t\t\tdata-nav=\"dots\"\n\t\t\tdata-navwidth=\"\"\t\t\n\t\t\tdata-allowfullscreen=\"true\" \n\t\t\tdata-fit=\"cover\" \n\t\t\tdata-transitionduration=\"300\" \n\t\t\tdata-autoplay=\"true\" \n\t\t\tdata-loop=\"true\" \n\t\t\tdata-arrows=\"true\" \n\t\t\tdata-swipe=\"true\" \n\t\t\tdata-spinner=\"true\" \n\t\t\tdata-transition=\"slide\" \n\t\t>\n\t\t\t\t\t\t\t\t<img decoding=\"async\" src=\"https:\/\/www.instalaterstvojezik.sk\/o-nas\/wp-content\/uploads\/2022\/06\/285944045_4771527576286788_5391214670191228324_n.jpg\" data-caption=\"\">\n\t\t\t\t\t\t\t\t\t\t \t\t\t\t\t<img decoding=\"async\" src=\"https:\/\/www.instalaterstvojezik.sk\/o-nas\/wp-content\/uploads\/2022\/06\/285564456_4771526802953532_5787681926118728700_n.jpg\" data-caption=\"\">\n\t\t\t\t\t\t\t\t\t\t \t\t\t\t\t<img decoding=\"async\" src=\"https:\/\/www.instalaterstvojezik.sk\/o-nas\/wp-content\/uploads\/2022\/06\/285580916_4771527096286836_1754199531320618724_n.jpg\" data-caption=\"\">\n\t\t\t\t\t\t\t\t\t\t \t\t\t\t\t<img decoding=\"async\" src=\"https:\/\/www.instalaterstvojezik.sk\/o-nas\/wp-content\/uploads\/2022\/06\/285641307_4771527109620168_167629316061408515_n.jpg\" data-caption=\"\">\n\t\t\t\t\t\t\t\t\t\t \t\t<\/div>\n\t\t\n<\/div>\n\n\n\n<div class=\"wp-block-column is-layout-flow wp-block-column-is-layout-flow\" style=\"flex-basis:25%\"><\/div>\n<\/div>\n\n\n\n<hr class=\"wp-block-separator has-alpha-channel-opacity\"\/>\n\n\n\n<h4 class=\"wp-block-heading has-text-align-center\"><strong>Rozvod vody, odpadu a k\u00farenia v rodinn\u00fdch domoch<\/strong><\/h4>\n\n\n\n<div class=\"wp-block-columns is-layout-flex wp-container-core-columns-is-layout-3 wp-block-columns-is-layout-flex\">\n<div class=\"wp-block-column is-layout-flow wp-block-column-is-layout-flow\" style=\"flex-basis:25%\"><\/div>\n\n\n\n<div class=\"wp-block-column is-layout-flow wp-block-column-is-layout-flow\" style=\"flex-basis:50%\">\t\t<div class=\"fotorama responsive-image-silder\" \n\t\t\tdata-width=\"100%\" \n\t\t\tdata-height=\"450px\" \n\t\t\tdata-nav=\"dots\"\n\t\t\tdata-navwidth=\"\"\t\t\n\t\t\tdata-allowfullscreen=\"true\" \n\t\t\tdata-fit=\"cover\" \n\t\t\tdata-transitionduration=\"300\" \n\t\t\tdata-autoplay=\"true\" \n\t\t\tdata-loop=\"true\" \n\t\t\tdata-arrows=\"true\" \n\t\t\tdata-swipe=\"true\" \n\t\t\tdata-spinner=\"true\" \n\t\t\tdata-transition=\"slide\" \n\t\t>\n\t\t\t\t\t\t\t\t<img decoding=\"async\" src=\"https:\/\/www.instalaterstvojezik.sk\/o-nas\/wp-content\/uploads\/2022\/06\/IMG_6677-scaled.jpeg\" data-caption=\"\">\n\t\t\t\t\t\t\t\t\t\t \t\t\t\t\t<img decoding=\"async\" src=\"https:\/\/www.instalaterstvojezik.sk\/o-nas\/wp-content\/uploads\/2022\/06\/IMG_6722-scaled.jpeg\" data-caption=\"\">\n\t\t\t\t\t\t\t\t\t\t \t\t\t\t\t<img decoding=\"async\" src=\"https:\/\/www.instalaterstvojezik.sk\/o-nas\/wp-content\/uploads\/2022\/06\/IMG_6660-scaled.jpeg\" data-caption=\"\">\n\t\t\t\t\t\t\t\t\t\t \t\t\t\t\t<img decoding=\"async\" src=\"https:\/\/www.instalaterstvojezik.sk\/o-nas\/wp-content\/uploads\/2022\/06\/IMG_6717-scaled.jpeg\" data-caption=\"\">\n\t\t\t\t\t\t\t\t\t\t \t\t\t\t\t<img decoding=\"async\" src=\"https:\/\/www.instalaterstvojezik.sk\/o-nas\/wp-content\/uploads\/2022\/06\/IMG_6706-scaled.jpeg\" data-caption=\"\">\n\t\t\t\t\t\t\t\t\t\t \t\t\t\t\t<img decoding=\"async\" src=\"https:\/\/www.instalaterstvojezik.sk\/o-nas\/wp-content\/uploads\/2022\/06\/IMG_6671-scaled.jpeg\" data-caption=\"\">\n\t\t\t\t\t\t\t\t\t\t \t\t\t\t\t<img decoding=\"async\" src=\"https:\/\/www.instalaterstvojezik.sk\/o-nas\/wp-content\/uploads\/2022\/06\/235461175_3867662590006629_1386136001900973236_n.jpg\" data-caption=\"\">\n\t\t\t\t\t\t\t\t\t\t \t\t\t\t\t<img decoding=\"async\" src=\"https:\/\/www.instalaterstvojezik.sk\/o-nas\/wp-content\/uploads\/2022\/06\/235418281_3867662903339931_4868014265325906420_n.jpg\" data-caption=\"\">\n\t\t\t\t\t\t\t\t\t\t \t\t\t\t\t<img decoding=\"async\" src=\"https:\/\/www.instalaterstvojezik.sk\/o-nas\/wp-content\/uploads\/2022\/06\/241166396_3925674877538733_86945732269100764_n.jpg\" data-caption=\"\">\n\t\t\t\t\t\t\t\t\t\t \t\t\t\t\t<img decoding=\"async\" src=\"https:\/\/www.instalaterstvojezik.sk\/o-nas\/wp-content\/uploads\/2022\/06\/241145948_3925675060872048_4340375428694631107_n.jpg\" data-caption=\"\">\n\t\t\t\t\t\t\t\t\t\t \t\t\t\t\t<img decoding=\"async\" src=\"https:\/\/www.instalaterstvojezik.sk\/o-nas\/wp-content\/uploads\/2022\/06\/278571183_4635174163255464_2375659980049429286_n.jpg\" data-caption=\"\">\n\t\t\t\t\t\t\t\t\t\t \t\t\t\t\t<img decoding=\"async\" src=\"https:\/\/www.instalaterstvojezik.sk\/o-nas\/wp-content\/uploads\/2022\/06\/278441798_4635173903255490_6141575604866306022_n.jpg\" data-caption=\"\">\n\t\t\t\t\t\t\t\t\t\t \t\t\t\t\t<img decoding=\"async\" src=\"https:\/\/www.instalaterstvojezik.sk\/o-nas\/wp-content\/uploads\/2022\/06\/235418570_3867662530006635_2025615463934933408_n.jpg\" data-caption=\"\">\n\t\t\t\t\t\t\t\t\t\t \t\t<\/div>\n\t\t\n<\/div>\n\n\n\n<div class=\"wp-block-column is-layout-flow wp-block-column-is-layout-flow\" style=\"flex-basis:25%\"><\/div>\n<\/div>\n\n\n\n<hr class=\"wp-block-separator has-alpha-channel-opacity\"\/>\n\n\n\n<h4 class=\"wp-block-heading has-text-align-center\"><strong>Priemyseln\u00e9 kotolne a rozvody vody.<\/strong><\/h4>\n\n\n\n<div class=\"wp-block-columns is-layout-flex wp-container-core-columns-is-layout-4 wp-block-columns-is-layout-flex\">\n<div class=\"wp-block-column is-layout-flow wp-block-column-is-layout-flow\" style=\"flex-basis:25%\"><\/div>\n\n\n\n<div class=\"wp-block-column is-layout-flow wp-block-column-is-layout-flow\" style=\"flex-basis:50%\">\t\t<div class=\"fotorama responsive-image-silder\" \n\t\t\tdata-width=\"100%\" \n\t\t\tdata-height=\"450px\" \n\t\t\tdata-nav=\"dots\"\n\t\t\tdata-navwidth=\"\"\t\t\n\t\t\tdata-allowfullscreen=\"true\" \n\t\t\tdata-fit=\"cover\" \n\t\t\tdata-transitionduration=\"300\" \n\t\t\tdata-autoplay=\"true\" \n\t\t\tdata-loop=\"true\" \n\t\t\tdata-arrows=\"true\" \n\t\t\tdata-swipe=\"true\" \n\t\t\tdata-spinner=\"true\" \n\t\t\tdata-transition=\"slide\" \n\t\t>\n\t\t\t\t\t\t\t\t<img decoding=\"async\" src=\"https:\/\/www.instalaterstvojezik.sk\/o-nas\/wp-content\/uploads\/2022\/06\/131419041_3222600547846173_4677680131074110799_n.jpg\" data-caption=\"\">\n\t\t\t\t\t\t\t\t\t\t \t\t\t\t\t<img decoding=\"async\" src=\"https:\/\/www.instalaterstvojezik.sk\/o-nas\/wp-content\/uploads\/2022\/06\/120222379_3005523136220583_1049674446840127397_n.jpg\" data-caption=\"\">\n\t\t\t\t\t\t\t\t\t\t \t\t\t\t\t<img decoding=\"async\" src=\"https:\/\/www.instalaterstvojezik.sk\/o-nas\/wp-content\/uploads\/2022\/06\/287595860_4798257976947081_6681205657320928454_n.jpg\" data-caption=\"\">\n\t\t\t\t\t\t\t\t\t\t \t\t\t\t\t<img decoding=\"async\" src=\"https:\/\/www.instalaterstvojezik.sk\/o-nas\/wp-content\/uploads\/2022\/06\/131515368_3222600837846144_4548825957231639152_n.jpg\" data-caption=\"\">\n\t\t\t\t\t\t\t\t\t\t \t\t\t\t\t<img decoding=\"async\" src=\"https:\/\/www.instalaterstvojezik.sk\/o-nas\/wp-content\/uploads\/2022\/06\/120251047_3005523782887185_7766243507759585189_n.jpg\" data-caption=\"\">\n\t\t\t\t\t\t\t\t\t\t \t\t\t\t\t<img decoding=\"async\" src=\"https:\/\/www.instalaterstvojezik.sk\/o-nas\/wp-content\/uploads\/2022\/06\/120221489_3005523392887224_8210589025177671723_n.jpg\" data-caption=\"\">\n\t\t\t\t\t\t\t\t\t\t \t\t\t\t\t<img decoding=\"async\" src=\"https:\/\/www.instalaterstvojezik.sk\/o-nas\/wp-content\/uploads\/2022\/06\/120202204_3005523509553879_5255195218660380145_n.jpg\" data-caption=\"\">\n\t\t\t\t\t\t\t\t\t\t \t\t\t\t\t<img decoding=\"async\" src=\"https:\/\/www.instalaterstvojezik.sk\/o-nas\/wp-content\/uploads\/2022\/06\/131893871_3222600721179489_1290111396411187313_n.jpg\" data-caption=\"\">\n\t\t\t\t\t\t\t\t\t\t \t\t\t\t\t<img decoding=\"async\" src=\"https:\/\/www.instalaterstvojezik.sk\/o-nas\/wp-content\/uploads\/2022\/06\/280315172_4700698490036364_5155897319759997836_n.jpg\" data-caption=\"\">\n\t\t\t\t\t\t\t\t\t\t \t\t\t\t\t<img decoding=\"async\" src=\"https:\/\/www.instalaterstvojezik.sk\/o-nas\/wp-content\/uploads\/2022\/06\/280425916_4700698563369690_2276955097464690511_n.jpg\" data-caption=\"\">\n\t\t\t\t\t\t\t\t\t\t \t\t\t\t\t<img decoding=\"async\" src=\"https:\/\/www.instalaterstvojezik.sk\/o-nas\/wp-content\/uploads\/2022\/06\/280478864_4700698340036379_6601229866818118963_n.jpg\" data-caption=\"\">\n\t\t\t\t\t\t\t\t\t\t \t\t\t\t\t<img decoding=\"async\" src=\"https:\/\/www.instalaterstvojezik.sk\/o-nas\/wp-content\/uploads\/2022\/06\/280296234_4700698553369691_6325282593670552441_n.jpg\" data-caption=\"\">\n\t\t\t\t\t\t\t\t\t\t \t\t\t\t\t<img decoding=\"async\" src=\"https:\/\/www.instalaterstvojezik.sk\/o-nas\/wp-content\/uploads\/2022\/06\/280361519_4700698396703040_5786618365218691599_n.jpg\" data-caption=\"\">\n\t\t\t\t\t\t\t\t\t\t \t\t\t\t\t<img decoding=\"async\" src=\"https:\/\/www.instalaterstvojezik.sk\/o-nas\/wp-content\/uploads\/2022\/06\/280327148_4700698673369679_917187790071220749_n.jpg\" data-caption=\"\">\n\t\t\t\t\t\t\t\t\t\t \t\t<\/div>\n\t\t\n<\/div>\n\n\n\n<div class=\"wp-block-column is-layout-flow wp-block-column-is-layout-flow\" style=\"flex-basis:25%\"><\/div>\n<\/div>\n\n\n\n<hr class=\"wp-block-separator has-alpha-channel-opacity\"\/>\n\n\n\n<h4 class=\"wp-block-heading has-text-align-center\"><strong>Kotolne rodinn\u00fdch domov<\/strong><\/h4>\n\n\n\n<div class=\"wp-block-columns is-layout-flex wp-container-core-columns-is-layout-5 wp-block-columns-is-layout-flex\">\n<div class=\"wp-block-column is-layout-flow wp-block-column-is-layout-flow\" style=\"flex-basis:25%\"><\/div>\n\n\n\n<div class=\"wp-block-column is-layout-flow wp-block-column-is-layout-flow\" style=\"flex-basis:50%\">\t\t<div class=\"fotorama responsive-image-silder\" \n\t\t\tdata-width=\"100%\" \n\t\t\tdata-height=\"450px\" \n\t\t\tdata-nav=\"dots\"\n\t\t\tdata-navwidth=\"\"\t\t\n\t\t\tdata-allowfullscreen=\"true\" \n\t\t\tdata-fit=\"cover\" \n\t\t\tdata-transitionduration=\"50\" \n\t\t\tdata-autoplay=\"true\" \n\t\t\tdata-loop=\"true\" \n\t\t\tdata-arrows=\"true\" \n\t\t\tdata-swipe=\"true\" \n\t\t\tdata-spinner=\"true\" \n\t\t\tdata-transition=\"slide\" \n\t\t>\n\t\t\t\t\t\t\t\t<img decoding=\"async\" src=\"https:\/\/www.instalaterstvojezik.sk\/o-nas\/wp-content\/uploads\/2022\/06\/239146445_3892550210851200_3665467493510188513_n.jpg\" data-caption=\"\">\n\t\t\t\t\t\t\t\t\t\t \t\t\t\t\t<img decoding=\"async\" src=\"https:\/\/www.instalaterstvojezik.sk\/o-nas\/wp-content\/uploads\/2022\/06\/239097971_3892548734184681_8548709403534848326_n.jpg\" data-caption=\"\">\n\t\t\t\t\t\t\t\t\t\t \t\t\t\t\t<img decoding=\"async\" src=\"https:\/\/www.instalaterstvojezik.sk\/o-nas\/wp-content\/uploads\/2022\/06\/238148338_3892550070851214_2935007315606467041_n.jpg\" data-caption=\"\">\n\t\t\t\t\t\t\t\t\t\t \t\t\t\t\t<img decoding=\"async\" src=\"https:\/\/www.instalaterstvojezik.sk\/o-nas\/wp-content\/uploads\/2022\/06\/238148342_3892549780851243_4098487558798869249_n.jpg\" data-caption=\"\">\n\t\t\t\t\t\t\t\t\t\t \t\t\t\t\t<img decoding=\"async\" src=\"https:\/\/www.instalaterstvojezik.sk\/o-nas\/wp-content\/uploads\/2022\/06\/237646690_3892549620851259_124939650206802786_n.jpg\" data-caption=\"\">\n\t\t\t\t\t\t\t\t\t\t \t\t\t\t\t<img decoding=\"async\" src=\"https:\/\/www.instalaterstvojezik.sk\/o-nas\/wp-content\/uploads\/2022\/06\/238026427_3892549797517908_7634901493039975201_n.jpg\" data-caption=\"\">\n\t\t\t\t\t\t\t\t\t\t \t\t\t\t\t<img decoding=\"async\" src=\"https:\/\/www.instalaterstvojezik.sk\/o-nas\/wp-content\/uploads\/2022\/06\/239247364_3892550114184543_3766786903563636333_n.jpg\" data-caption=\"\">\n\t\t\t\t\t\t\t\t\t\t \t\t<\/div>\n\t\t\n<\/div>\n\n\n\n<div class=\"wp-block-column is-layout-flow wp-block-column-is-layout-flow\" style=\"flex-basis:25%\"><\/div>\n<\/div>\n","protected":false},"excerpt":{"rendered":"<p>Mont\u00e1\u017e \u010derpadiel vody. Preplach podlahov\u00e9ho k\u00farenia Rozvod vody, odpadu a k\u00farenia v rodinn\u00fdch domoch Priemyseln\u00e9 kotolne a rozvody vody. Kotolne rodinn\u00fdch domov<\/p>\n","protected":false},"author":1,"featured_media":0,"parent":0,"menu_order":0,"comment_status":"closed","ping_status":"closed","template":"","meta":{"_monsterinsights_skip_tracking":false,"_monsterinsights_sitenote_active":false,"_monsterinsights_sitenote_note":"","_monsterinsights_sitenote_category":0,"footnotes":""},"class_list":["post-39","page","type-page","status-publish","hentry"],"yoast_head":"<!-- This site is optimized with the Yoast SEO plugin v24.7 - https:\/\/yoast.com\/wordpress\/plugins\/seo\/ -->\n<title>Realiz\u00e1cie - In\u0161talat\u00e9rstvo Je\u017e\u00edk, s. r. o.<\/title>\n<meta name=\"robots\" content=\"index, follow, max-snippet:-1, max-image-preview:large, max-video-preview:-1\" \/>\n<link rel=\"canonical\" href=\"https:\/\/www.instalaterstvojezik.sk\/o-nas\/realizacie\/\" \/>\n<meta property=\"og:locale\" content=\"sk_SK\" \/>\n<meta property=\"og:type\" content=\"article\" \/>\n<meta property=\"og:title\" content=\"Realiz\u00e1cie - In\u0161talat\u00e9rstvo Je\u017e\u00edk, s. r. o.\" \/>\n<meta property=\"og:description\" content=\"Mont\u00e1\u017e \u010derpadiel vody. Preplach podlahov\u00e9ho k\u00farenia Rozvod vody, odpadu a k\u00farenia v rodinn\u00fdch domoch Priemyseln\u00e9 kotolne a rozvody vody. Kotolne rodinn\u00fdch domov\" \/>\n<meta property=\"og:url\" content=\"https:\/\/www.instalaterstvojezik.sk\/o-nas\/realizacie\/\" \/>\n<meta property=\"og:site_name\" content=\"In\u0161talat\u00e9rstvo Je\u017e\u00edk, s. r. o.\" \/>\n<meta property=\"article:modified_time\" content=\"2023-08-07T19:26:22+00:00\" \/>\n<meta name=\"twitter:card\" content=\"summary_large_image\" \/>\n<meta name=\"twitter:label1\" content=\"Predpokladan\u00fd \u010das \u010d\u00edtania\" \/>\n\t<meta name=\"twitter:data1\" content=\"1 min\u00fata\" \/>\n<script type=\"application\/ld+json\" class=\"yoast-schema-graph\">{\"@context\":\"https:\/\/schema.org\",\"@graph\":[{\"@type\":\"WebPage\",\"@id\":\"https:\/\/www.instalaterstvojezik.sk\/o-nas\/realizacie\/\",\"url\":\"https:\/\/www.instalaterstvojezik.sk\/o-nas\/realizacie\/\",\"name\":\"Realiz\u00e1cie - In\u0161talat\u00e9rstvo Je\u017e\u00edk, s. r. o.\",\"isPartOf\":{\"@id\":\"https:\/\/www.instalaterstvojezik.sk\/o-nas\/#website\"},\"datePublished\":\"2022-06-13T15:39:43+00:00\",\"dateModified\":\"2023-08-07T19:26:22+00:00\",\"breadcrumb\":{\"@id\":\"https:\/\/www.instalaterstvojezik.sk\/o-nas\/realizacie\/#breadcrumb\"},\"inLanguage\":\"sk-SK\",\"potentialAction\":[{\"@type\":\"ReadAction\",\"target\":[\"https:\/\/www.instalaterstvojezik.sk\/o-nas\/realizacie\/\"]}]},{\"@type\":\"BreadcrumbList\",\"@id\":\"https:\/\/www.instalaterstvojezik.sk\/o-nas\/realizacie\/#breadcrumb\",\"itemListElement\":[{\"@type\":\"ListItem\",\"position\":1,\"name\":\"Home\",\"item\":\"https:\/\/www.instalaterstvojezik.sk\/o-nas\/\"},{\"@type\":\"ListItem\",\"position\":2,\"name\":\"Realiz\u00e1cie\"}]},{\"@type\":\"WebSite\",\"@id\":\"https:\/\/www.instalaterstvojezik.sk\/o-nas\/#website\",\"url\":\"https:\/\/www.instalaterstvojezik.sk\/o-nas\/\",\"name\":\"In\u0161talat\u00e9rstvo Je\u017e\u00edk, s. r. o.\",\"description\":\"\",\"publisher\":{\"@id\":\"https:\/\/www.instalaterstvojezik.sk\/o-nas\/#organization\"},\"potentialAction\":[{\"@type\":\"SearchAction\",\"target\":{\"@type\":\"EntryPoint\",\"urlTemplate\":\"https:\/\/www.instalaterstvojezik.sk\/o-nas\/?s={search_term_string}\"},\"query-input\":{\"@type\":\"PropertyValueSpecification\",\"valueRequired\":true,\"valueName\":\"search_term_string\"}}],\"inLanguage\":\"sk-SK\"},{\"@type\":\"Organization\",\"@id\":\"https:\/\/www.instalaterstvojezik.sk\/o-nas\/#organization\",\"name\":\"In\u0161talat\u00e9rstvo Je\u017e\u00edk, s. r. o.\",\"url\":\"https:\/\/www.instalaterstvojezik.sk\/o-nas\/\",\"logo\":{\"@type\":\"ImageObject\",\"inLanguage\":\"sk-SK\",\"@id\":\"https:\/\/www.instalaterstvojezik.sk\/o-nas\/#\/schema\/logo\/image\/\",\"url\":\"https:\/\/www.instalaterstvojezik.sk\/o-nas\/wp-content\/uploads\/2025\/03\/symbol_instalaterstvo@4x.png\",\"contentUrl\":\"https:\/\/www.instalaterstvojezik.sk\/o-nas\/wp-content\/uploads\/2025\/03\/symbol_instalaterstvo@4x.png\",\"width\":537,\"height\":366,\"caption\":\"In\u0161talat\u00e9rstvo Je\u017e\u00edk, s. r. o.\"},\"image\":{\"@id\":\"https:\/\/www.instalaterstvojezik.sk\/o-nas\/#\/schema\/logo\/image\/\"}}]}<\/script>\n<!-- \/ Yoast SEO plugin. -->","yoast_head_json":{"title":"Realiz\u00e1cie - In\u0161talat\u00e9rstvo Je\u017e\u00edk, s. r. o.","robots":{"index":"index","follow":"follow","max-snippet":"max-snippet:-1","max-image-preview":"max-image-preview:large","max-video-preview":"max-video-preview:-1"},"canonical":"https:\/\/www.instalaterstvojezik.sk\/o-nas\/realizacie\/","og_locale":"sk_SK","og_type":"article","og_title":"Realiz\u00e1cie - In\u0161talat\u00e9rstvo Je\u017e\u00edk, s. r. o.","og_description":"Mont\u00e1\u017e \u010derpadiel vody. Preplach podlahov\u00e9ho k\u00farenia Rozvod vody, odpadu a k\u00farenia v rodinn\u00fdch domoch Priemyseln\u00e9 kotolne a rozvody vody. Kotolne rodinn\u00fdch domov","og_url":"https:\/\/www.instalaterstvojezik.sk\/o-nas\/realizacie\/","og_site_name":"In\u0161talat\u00e9rstvo Je\u017e\u00edk, s. r. o.","article_modified_time":"2023-08-07T19:26:22+00:00","twitter_card":"summary_large_image","twitter_misc":{"Predpokladan\u00fd \u010das \u010d\u00edtania":"1 min\u00fata"},"schema":{"@context":"https:\/\/schema.org","@graph":[{"@type":"WebPage","@id":"https:\/\/www.instalaterstvojezik.sk\/o-nas\/realizacie\/","url":"https:\/\/www.instalaterstvojezik.sk\/o-nas\/realizacie\/","name":"Realiz\u00e1cie - In\u0161talat\u00e9rstvo Je\u017e\u00edk, s. r. o.","isPartOf":{"@id":"https:\/\/www.instalaterstvojezik.sk\/o-nas\/#website"},"datePublished":"2022-06-13T15:39:43+00:00","dateModified":"2023-08-07T19:26:22+00:00","breadcrumb":{"@id":"https:\/\/www.instalaterstvojezik.sk\/o-nas\/realizacie\/#breadcrumb"},"inLanguage":"sk-SK","potentialAction":[{"@type":"ReadAction","target":["https:\/\/www.instalaterstvojezik.sk\/o-nas\/realizacie\/"]}]},{"@type":"BreadcrumbList","@id":"https:\/\/www.instalaterstvojezik.sk\/o-nas\/realizacie\/#breadcrumb","itemListElement":[{"@type":"ListItem","position":1,"name":"Home","item":"https:\/\/www.instalaterstvojezik.sk\/o-nas\/"},{"@type":"ListItem","position":2,"name":"Realiz\u00e1cie"}]},{"@type":"WebSite","@id":"https:\/\/www.instalaterstvojezik.sk\/o-nas\/#website","url":"https:\/\/www.instalaterstvojezik.sk\/o-nas\/","name":"In\u0161talat\u00e9rstvo Je\u017e\u00edk, s. r. o.","description":"","publisher":{"@id":"https:\/\/www.instalaterstvojezik.sk\/o-nas\/#organization"},"potentialAction":[{"@type":"SearchAction","target":{"@type":"EntryPoint","urlTemplate":"https:\/\/www.instalaterstvojezik.sk\/o-nas\/?s={search_term_string}"},"query-input":{"@type":"PropertyValueSpecification","valueRequired":true,"valueName":"search_term_string"}}],"inLanguage":"sk-SK"},{"@type":"Organization","@id":"https:\/\/www.instalaterstvojezik.sk\/o-nas\/#organization","name":"In\u0161talat\u00e9rstvo Je\u017e\u00edk, s. r. o.","url":"https:\/\/www.instalaterstvojezik.sk\/o-nas\/","logo":{"@type":"ImageObject","inLanguage":"sk-SK","@id":"https:\/\/www.instalaterstvojezik.sk\/o-nas\/#\/schema\/logo\/image\/","url":"https:\/\/www.instalaterstvojezik.sk\/o-nas\/wp-content\/uploads\/2025\/03\/symbol_instalaterstvo@4x.png","contentUrl":"https:\/\/www.instalaterstvojezik.sk\/o-nas\/wp-content\/uploads\/2025\/03\/symbol_instalaterstvo@4x.png","width":537,"height":366,"caption":"In\u0161talat\u00e9rstvo Je\u017e\u00edk, s. r. o."},"image":{"@id":"https:\/\/www.instalaterstvojezik.sk\/o-nas\/#\/schema\/logo\/image\/"}}]}},"_links":{"self":[{"href":"https:\/\/www.instalaterstvojezik.sk\/o-nas\/wp-json\/wp\/v2\/pages\/39","targetHints":{"allow":["GET"]}}],"collection":[{"href":"https:\/\/www.instalaterstvojezik.sk\/o-nas\/wp-json\/wp\/v2\/pages"}],"about":[{"href":"https:\/\/www.instalaterstvojezik.sk\/o-nas\/wp-json\/wp\/v2\/types\/page"}],"author":[{"embeddable":true,"href":"https:\/\/www.instalaterstvojezik.sk\/o-nas\/wp-json\/wp\/v2\/users\/1"}],"replies":[{"embeddable":true,"href":"https:\/\/www.instalaterstvojezik.sk\/o-nas\/wp-json\/wp\/v2\/comments?post=39"}],"version-history":[{"count":6,"href":"https:\/\/www.instalaterstvojezik.sk\/o-nas\/wp-json\/wp\/v2\/pages\/39\/revisions"}],"predecessor-version":[{"id":449,"href":"https:\/\/www.instalaterstvojezik.sk\/o-nas\/wp-json\/wp\/v2\/pages\/39\/revisions\/449"}],"wp:attachment":[{"href":"https:\/\/www.instalaterstvojezik.sk\/o-nas\/wp-json\/wp\/v2\/media?parent=39"}],"curies":[{"name":"wp","href":"https:\/\/api.w.org\/{rel}","templated":true}]}}