{"id":296,"date":"2022-06-15T20:27:33","date_gmt":"2022-06-15T20:27:33","guid":{"rendered":"https:\/\/www.instalaterstvojezik.sk\/o-nas\/?page_id=296"},"modified":"2022-06-15T20:30:09","modified_gmt":"2022-06-15T20:30:09","slug":"mate-zaujem-o-teplene-cerpadlo","status":"publish","type":"page","link":"https:\/\/www.instalaterstvojezik.sk\/o-nas\/mate-zaujem-o-teplene-cerpadlo\/","title":{"rendered":"M\u00e1te z\u00e1ujem o teplen\u00e9 \u010derpadlo ?"},"content":{"rendered":"\n<h4 class=\"has-text-align-center wp-block-heading\">Vyplnen\u00edm dotazn\u00edka V\u00e1s budeme kontaktova\u0165 s orienta\u010dnou cenovou ponukou.<\/h4>\n\n\n\n<p><\/p>\n\n\n<div class=\"wpforms-container wpforms-container-full\" id=\"wpforms-97\"><form id=\"wpforms-form-97\" class=\"wpforms-validate wpforms-form wpforms-ajax-form\" data-formid=\"97\" method=\"post\" enctype=\"multipart\/form-data\" action=\"\/o-nas\/wp-json\/wp\/v2\/pages\/296\" data-token=\"9561c5ab487a91558e2ae9cc1e1c4afe\" data-token-time=\"1777576738\"><noscript class=\"wpforms-error-noscript\">Please enable JavaScript in your browser to complete this form.<\/noscript><div class=\"wpforms-field-container\"><div id=\"wpforms-97-field_8-container\" class=\"wpforms-field wpforms-field-name\" data-field-id=\"8\"><label class=\"wpforms-field-label\" for=\"wpforms-97-field_8\">Va\u0161e meno a priezvisko: <span class=\"wpforms-required-label\">*<\/span><\/label><input type=\"text\" id=\"wpforms-97-field_8\" class=\"wpforms-field-medium wpforms-field-required\" name=\"wpforms[fields][8]\" required><\/div><div id=\"wpforms-97-field_2-container\" class=\"wpforms-field wpforms-field-text\" data-field-id=\"2\"><label class=\"wpforms-field-label\" for=\"wpforms-97-field_2\">Adresa stavby:<\/label><input type=\"text\" id=\"wpforms-97-field_2\" class=\"wpforms-field-medium\" name=\"wpforms[fields][2]\" ><\/div><div id=\"wpforms-97-field_7-container\" class=\"wpforms-field wpforms-field-email\" data-field-id=\"7\"><label class=\"wpforms-field-label\" for=\"wpforms-97-field_7\">Email: <span class=\"wpforms-required-label\">*<\/span><\/label><input type=\"email\" id=\"wpforms-97-field_7\" class=\"wpforms-field-medium wpforms-field-required\" name=\"wpforms[fields][7]\" spellcheck=\"false\" required><\/div><div id=\"wpforms-97-field_3-container\" class=\"wpforms-field wpforms-field-text\" data-field-id=\"3\"><label class=\"wpforms-field-label\" for=\"wpforms-97-field_3\">Telefonick\u00fd kontakt: <span class=\"wpforms-required-label\">*<\/span><\/label><input type=\"text\" id=\"wpforms-97-field_3\" class=\"wpforms-field-medium wpforms-field-required\" name=\"wpforms[fields][3]\" required><\/div><div id=\"wpforms-97-field_24-container\" class=\"wpforms-field wpforms-field-number\" data-field-id=\"24\"><label class=\"wpforms-field-label\" for=\"wpforms-97-field_24\">P\u00f4dorysn\u00fd rozmer domu - \u0161\u00edrka v metroch <span class=\"wpforms-required-label\">*<\/span><\/label><input type=\"number\" id=\"wpforms-97-field_24\" class=\"wpforms-field-medium wpforms-field-required\" name=\"wpforms[fields][24]\" placeholder=\"\u0160\u00edrka\" step=\"any\" required><\/div><div id=\"wpforms-97-field_25-container\" class=\"wpforms-field wpforms-field-number\" data-field-id=\"25\"><label class=\"wpforms-field-label\" for=\"wpforms-97-field_25\">P\u00f4dorysn\u00fd rozmer domu - d\u013a\u017eka v metroch <span class=\"wpforms-required-label\">*<\/span><\/label><input type=\"number\" id=\"wpforms-97-field_25\" class=\"wpforms-field-medium wpforms-field-required\" name=\"wpforms[fields][25]\" placeholder=\"D\u013a\u017eka\" step=\"any\" required><\/div><div id=\"wpforms-97-field_20-container\" class=\"wpforms-field wpforms-field-number-slider\" data-field-id=\"20\"><label class=\"wpforms-field-label\" for=\"wpforms-97-field_20\">Po\u010det vykurovan\u00fdch poschod\u00ed<\/label>\n<input\n\ttype=\"range\"\n\tid=\"wpforms-97-field_20\" class=\"wpforms-field-medium\" name=\"wpforms[fields][20]\" value=\"1\"\t\tmin=\"1\"\n\tmax=\"10\"\n\tstep=\"1\">\n\n<div class=\"wpforms-field-number-slider-hint\"\n\tdata-hint=\"Celkov\u00fd po\u010det: {value}\">\n\tCelkov\u00fd po\u010det: <b>1<\/b><\/div>\n<\/div><div id=\"wpforms-97-field_11-container\" class=\"wpforms-field wpforms-field-radio wpforms-list-inline\" data-field-id=\"11\"><label class=\"wpforms-field-label\">Novostavba<\/label><ul id=\"wpforms-97-field_11\"><li class=\"choice-1 depth-1\"><input type=\"radio\" id=\"wpforms-97-field_11_1\" name=\"wpforms[fields][11]\" value=\"\u00c1no\"  ><label class=\"wpforms-field-label-inline\" for=\"wpforms-97-field_11_1\">\u00c1no<\/label><\/li><li class=\"choice-2 depth-1\"><input type=\"radio\" id=\"wpforms-97-field_11_2\" name=\"wpforms[fields][11]\" value=\"Nie\"  ><label class=\"wpforms-field-label-inline\" for=\"wpforms-97-field_11_2\">Nie<\/label><\/li><\/ul><\/div><div id=\"wpforms-97-field_12-container\" class=\"wpforms-field wpforms-field-radio wpforms-list-inline\" data-field-id=\"12\"><label class=\"wpforms-field-label\">Zateplenie fas\u00e1dy<\/label><ul id=\"wpforms-97-field_12\"><li class=\"choice-1 depth-1\"><input type=\"radio\" id=\"wpforms-97-field_12_1\" name=\"wpforms[fields][12]\" value=\"\u00c1no\"  ><label class=\"wpforms-field-label-inline\" for=\"wpforms-97-field_12_1\">\u00c1no<\/label><\/li><li class=\"choice-2 depth-1\"><input type=\"radio\" id=\"wpforms-97-field_12_2\" name=\"wpforms[fields][12]\" value=\"Nie\"  ><label class=\"wpforms-field-label-inline\" for=\"wpforms-97-field_12_2\">Nie<\/label><\/li><\/ul><\/div><div id=\"wpforms-97-field_21-container\" class=\"wpforms-field wpforms-field-number-slider\" data-field-id=\"21\"><label class=\"wpforms-field-label\" for=\"wpforms-97-field_21\">Hr\u00fabka zateplenia fas\u00e1dy<\/label>\n<input\n\ttype=\"range\"\n\tid=\"wpforms-97-field_21\" class=\"wpforms-field-medium\" name=\"wpforms[fields][21]\" value=\"0\"\t\tmin=\"0\"\n\tmax=\"50\"\n\tstep=\"1\">\n\n<div class=\"wpforms-field-number-slider-hint\"\n\tdata-hint=\"Hr\u00fabka: {value} cm\">\n\tHr\u00fabka: <b>0<\/b> cm<\/div>\n<\/div><div id=\"wpforms-97-field_13-container\" class=\"wpforms-field wpforms-field-radio wpforms-list-inline\" data-field-id=\"13\"><label class=\"wpforms-field-label\">Zateplenie povaly \/ strechy<\/label><ul id=\"wpforms-97-field_13\"><li class=\"choice-1 depth-1\"><input type=\"radio\" id=\"wpforms-97-field_13_1\" name=\"wpforms[fields][13]\" value=\"\u00c1no\"  ><label class=\"wpforms-field-label-inline\" for=\"wpforms-97-field_13_1\">\u00c1no<\/label><\/li><li class=\"choice-2 depth-1\"><input type=\"radio\" id=\"wpforms-97-field_13_2\" name=\"wpforms[fields][13]\" value=\"Nie\"  ><label class=\"wpforms-field-label-inline\" for=\"wpforms-97-field_13_2\">Nie<\/label><\/li><\/ul><\/div><div id=\"wpforms-97-field_22-container\" class=\"wpforms-field wpforms-field-number-slider\" data-field-id=\"22\"><label class=\"wpforms-field-label\" for=\"wpforms-97-field_22\">Hr\u00fabka zateplenia povaly \/ strechy<\/label>\n<input\n\ttype=\"range\"\n\tid=\"wpforms-97-field_22\" class=\"wpforms-field-medium\" name=\"wpforms[fields][22]\" value=\"0\"\t\tmin=\"0\"\n\tmax=\"50\"\n\tstep=\"1\">\n\n<div class=\"wpforms-field-number-slider-hint\"\n\tdata-hint=\"Hr\u00fabka: {value} cm\">\n\tHr\u00fabka: <b>0<\/b> cm<\/div>\n<\/div><div id=\"wpforms-97-field_14-container\" class=\"wpforms-field wpforms-field-radio wpforms-list-inline\" data-field-id=\"14\"><label class=\"wpforms-field-label\">Vymenen\u00e9 okna<\/label><ul id=\"wpforms-97-field_14\"><li class=\"choice-1 depth-1\"><input type=\"radio\" id=\"wpforms-97-field_14_1\" name=\"wpforms[fields][14]\" value=\"\u00c1no\"  ><label class=\"wpforms-field-label-inline\" for=\"wpforms-97-field_14_1\">\u00c1no<\/label><\/li><li class=\"choice-2 depth-1\"><input type=\"radio\" id=\"wpforms-97-field_14_2\" name=\"wpforms[fields][14]\" value=\"Nie\"  ><label class=\"wpforms-field-label-inline\" for=\"wpforms-97-field_14_2\">Nie<\/label><\/li><\/ul><\/div><div id=\"wpforms-97-field_15-container\" class=\"wpforms-field wpforms-field-checkbox\" data-field-id=\"15\"><label class=\"wpforms-field-label\">Typ vykurovac\u00edch telies <span class=\"wpforms-required-label\">*<\/span><\/label><ul id=\"wpforms-97-field_15\" class=\"wpforms-field-required\"><li class=\"choice-1 depth-1\"><input type=\"checkbox\" id=\"wpforms-97-field_15_1\" name=\"wpforms[fields][15][]\" value=\"podlahov\u00e9 k\u00farenie\" required ><label class=\"wpforms-field-label-inline\" for=\"wpforms-97-field_15_1\">podlahov\u00e9 k\u00farenie<\/label><\/li><li class=\"choice-2 depth-1\"><input type=\"checkbox\" id=\"wpforms-97-field_15_2\" name=\"wpforms[fields][15][]\" value=\"radi\u00e1tory\" required ><label class=\"wpforms-field-label-inline\" for=\"wpforms-97-field_15_2\">radi\u00e1tory<\/label><\/li><\/ul><\/div><div id=\"wpforms-97-field_19-container\" class=\"wpforms-field wpforms-field-number-slider\" data-field-id=\"19\"><label class=\"wpforms-field-label\" for=\"wpforms-97-field_19\">Teplota vykurovacej vody v zime max: \u00b0C <\/label>\n<input\n\ttype=\"range\"\n\tid=\"wpforms-97-field_19\" class=\"wpforms-field-medium\" name=\"wpforms[fields][19]\" value=\"30\"\t\tmin=\"0\"\n\tmax=\"100\"\n\tstep=\"1\">\n\n<div class=\"wpforms-field-number-slider-hint\"\n\tdata-hint=\"Teplota: {value} \u00b0C \">\n\tTeplota: <b>30<\/b> \u00b0C <\/div>\n<\/div><div id=\"wpforms-97-field_17-container\" class=\"wpforms-field wpforms-field-radio wpforms-list-inline\" data-field-id=\"17\"><label class=\"wpforms-field-label\">Pr\u00edprava ohrevu vody pomocou tepeln\u00e9ho \u010derpadla:<\/label><ul id=\"wpforms-97-field_17\"><li class=\"choice-1 depth-1\"><input type=\"radio\" id=\"wpforms-97-field_17_1\" name=\"wpforms[fields][17]\" value=\"\u00c1no\"  ><label class=\"wpforms-field-label-inline\" for=\"wpforms-97-field_17_1\">\u00c1no<\/label><\/li><li class=\"choice-2 depth-1\"><input type=\"radio\" id=\"wpforms-97-field_17_2\" name=\"wpforms[fields][17]\" value=\"Nie\"  ><label class=\"wpforms-field-label-inline\" for=\"wpforms-97-field_17_2\">Nie<\/label><\/li><\/ul><\/div><div id=\"wpforms-97-field_18-container\" class=\"wpforms-field wpforms-field-radio wpforms-list-inline\" data-field-id=\"18\"><label class=\"wpforms-field-label\">Preferovan\u00e9 rie\u0161enie<\/label><ul id=\"wpforms-97-field_18\" class=\"wpforms-image-choices wpforms-image-choices-modern\"><li class=\"choice-1 depth-1 wpforms-image-choices-item\"><label class=\"wpforms-field-label-inline wpforms-field-label-inline-empty\" for=\"wpforms-97-field_18_1\" tabindex=\"0\"><span class=\"wpforms-image-choices-image\"><img decoding=\"async\" src=\"https:\/\/www.instalaterstvojezik.sk\/o-nas\/wp-content\/uploads\/2022\/06\/altherma3rf.png\" alt=\"\"><\/span><input type=\"radio\" id=\"wpforms-97-field_18_1\" class=\"wpforms-screen-reader-element\" name=\"wpforms[fields][18]\" value=\"Choice 1\" tabindex=\"-1\"  ><span class=\"wpforms-image-choices-label\"><\/span><\/label><\/li><li class=\"choice-2 depth-1 wpforms-image-choices-item\"><label class=\"wpforms-field-label-inline wpforms-field-label-inline-empty\" for=\"wpforms-97-field_18_2\" tabindex=\"0\"><span class=\"wpforms-image-choices-image\"><img decoding=\"async\" src=\"https:\/\/www.instalaterstvojezik.sk\/o-nas\/wp-content\/uploads\/2022\/06\/altherma3rech2o.png\" alt=\"\"><\/span><input type=\"radio\" id=\"wpforms-97-field_18_2\" class=\"wpforms-screen-reader-element\" name=\"wpforms[fields][18]\" value=\"Choice 2\" tabindex=\"-1\"  ><span class=\"wpforms-image-choices-label\"><\/span><\/label><\/li><li class=\"choice-3 depth-1 wpforms-image-choices-item\"><label class=\"wpforms-field-label-inline wpforms-field-label-inline-empty\" for=\"wpforms-97-field_18_3\" tabindex=\"0\"><span class=\"wpforms-image-choices-image\"><img decoding=\"async\" src=\"https:\/\/www.instalaterstvojezik.sk\/o-nas\/wp-content\/uploads\/2022\/06\/altherma3rw.png\" alt=\"\"><\/span><input type=\"radio\" id=\"wpforms-97-field_18_3\" class=\"wpforms-screen-reader-element\" name=\"wpforms[fields][18]\" value=\"Choice 3\" tabindex=\"-1\"  ><span class=\"wpforms-image-choices-label\"><\/span><\/label><\/li><\/ul><\/div><\/div><!-- .wpforms-field-container --><div class=\"wpforms-recaptcha-container wpforms-is-recaptcha wpforms-is-recaptcha-type-v2\" ><div class=\"g-recaptcha\" data-sitekey=\"6LdREsgZAAAAAAFbqd5lVH9yHh__3Ij_0Xj6uesj\"><\/div><input type=\"text\" name=\"g-recaptcha-hidden\" class=\"wpforms-recaptcha-hidden\" style=\"position:absolute!important;clip:rect(0,0,0,0)!important;height:1px!important;width:1px!important;border:0!important;overflow:hidden!important;padding:0!important;margin:0!important;\" data-rule-recaptcha=\"1\"><\/div><div class=\"wpforms-submit-container\" ><input type=\"hidden\" name=\"wpforms[id]\" value=\"97\"><input type=\"hidden\" name=\"page_title\" value=\"\"><input type=\"hidden\" name=\"page_url\" value=\"https:\/\/www.instalaterstvojezik.sk\/o-nas\/wp-json\/wp\/v2\/pages\/296\"><input type=\"hidden\" name=\"url_referer\" value=\"\"><button type=\"submit\" name=\"wpforms[submit]\" id=\"wpforms-submit-97\" class=\"wpforms-submit\" data-alt-text=\"Odosielam...\" data-submit-text=\"Odosla\u0165\" aria-live=\"assertive\" value=\"wpforms-submit\">Odosla\u0165<\/button><img loading=\"lazy\" decoding=\"async\" src=\"https:\/\/www.instalaterstvojezik.sk\/o-nas\/wp-content\/plugins\/wpforms-lite\/assets\/images\/submit-spin.svg\" class=\"wpforms-submit-spinner\" style=\"display: none;\" width=\"26\" height=\"26\" alt=\"Loading\"><\/div><\/form><\/div>  <!-- .wpforms-container -->\n","protected":false},"excerpt":{"rendered":"<p>Vyplnen\u00edm dotazn\u00edka V\u00e1s budeme kontaktova\u0165 s orienta\u010dnou cenovou ponukou.<\/p>\n","protected":false},"author":1,"featured_media":0,"parent":0,"menu_order":0,"comment_status":"closed","ping_status":"closed","template":"","meta":{"_monsterinsights_skip_tracking":false,"_monsterinsights_sitenote_active":false,"_monsterinsights_sitenote_note":"","_monsterinsights_sitenote_category":0,"footnotes":""},"class_list":["post-296","page","type-page","status-publish"],"yoast_head":"<!-- This site is optimized with the Yoast SEO plugin v24.7 - https:\/\/yoast.com\/wordpress\/plugins\/seo\/ -->\n<title>M\u00e1te z\u00e1ujem o teplen\u00e9 \u010derpadlo ? - In\u0161talat\u00e9rstvo Je\u017e\u00edk, s. r. o.<\/title>\n<meta name=\"robots\" content=\"index, follow, max-snippet:-1, max-image-preview:large, max-video-preview:-1\" \/>\n<link rel=\"canonical\" href=\"https:\/\/www.instalaterstvojezik.sk\/o-nas\/mate-zaujem-o-teplene-cerpadlo\/\" \/>\n<meta property=\"og:locale\" content=\"sk_SK\" \/>\n<meta property=\"og:type\" content=\"article\" \/>\n<meta property=\"og:title\" content=\"M\u00e1te z\u00e1ujem o teplen\u00e9 \u010derpadlo ? - In\u0161talat\u00e9rstvo Je\u017e\u00edk, s. r. o.\" \/>\n<meta property=\"og:description\" content=\"Vyplnen\u00edm dotazn\u00edka V\u00e1s budeme kontaktova\u0165 s orienta\u010dnou cenovou ponukou.\" \/>\n<meta property=\"og:url\" content=\"https:\/\/www.instalaterstvojezik.sk\/o-nas\/mate-zaujem-o-teplene-cerpadlo\/\" \/>\n<meta property=\"og:site_name\" content=\"In\u0161talat\u00e9rstvo Je\u017e\u00edk, s. r. o.\" \/>\n<meta property=\"article:modified_time\" content=\"2022-06-15T20:30:09+00:00\" \/>\n<meta name=\"twitter:card\" content=\"summary_large_image\" \/>\n<meta name=\"twitter:label1\" content=\"Predpokladan\u00fd \u010das \u010d\u00edtania\" \/>\n\t<meta name=\"twitter:data1\" content=\"1 min\u00fata\" \/>\n<script type=\"application\/ld+json\" class=\"yoast-schema-graph\">{\"@context\":\"https:\/\/schema.org\",\"@graph\":[{\"@type\":\"WebPage\",\"@id\":\"https:\/\/www.instalaterstvojezik.sk\/o-nas\/mate-zaujem-o-teplene-cerpadlo\/\",\"url\":\"https:\/\/www.instalaterstvojezik.sk\/o-nas\/mate-zaujem-o-teplene-cerpadlo\/\",\"name\":\"M\u00e1te z\u00e1ujem o teplen\u00e9 \u010derpadlo ? - In\u0161talat\u00e9rstvo Je\u017e\u00edk, s. r. o.\",\"isPartOf\":{\"@id\":\"https:\/\/www.instalaterstvojezik.sk\/o-nas\/#website\"},\"datePublished\":\"2022-06-15T20:27:33+00:00\",\"dateModified\":\"2022-06-15T20:30:09+00:00\",\"breadcrumb\":{\"@id\":\"https:\/\/www.instalaterstvojezik.sk\/o-nas\/mate-zaujem-o-teplene-cerpadlo\/#breadcrumb\"},\"inLanguage\":\"sk-SK\",\"potentialAction\":[{\"@type\":\"ReadAction\",\"target\":[\"https:\/\/www.instalaterstvojezik.sk\/o-nas\/mate-zaujem-o-teplene-cerpadlo\/\"]}]},{\"@type\":\"BreadcrumbList\",\"@id\":\"https:\/\/www.instalaterstvojezik.sk\/o-nas\/mate-zaujem-o-teplene-cerpadlo\/#breadcrumb\",\"itemListElement\":[{\"@type\":\"ListItem\",\"position\":1,\"name\":\"Home\",\"item\":\"https:\/\/www.instalaterstvojezik.sk\/o-nas\/\"},{\"@type\":\"ListItem\",\"position\":2,\"name\":\"M\u00e1te z\u00e1ujem o teplen\u00e9 \u010derpadlo ?\"}]},{\"@type\":\"WebSite\",\"@id\":\"https:\/\/www.instalaterstvojezik.sk\/o-nas\/#website\",\"url\":\"https:\/\/www.instalaterstvojezik.sk\/o-nas\/\",\"name\":\"In\u0161talat\u00e9rstvo Je\u017e\u00edk, s. r. o.\",\"description\":\"\",\"publisher\":{\"@id\":\"https:\/\/www.instalaterstvojezik.sk\/o-nas\/#organization\"},\"potentialAction\":[{\"@type\":\"SearchAction\",\"target\":{\"@type\":\"EntryPoint\",\"urlTemplate\":\"https:\/\/www.instalaterstvojezik.sk\/o-nas\/?s={search_term_string}\"},\"query-input\":{\"@type\":\"PropertyValueSpecification\",\"valueRequired\":true,\"valueName\":\"search_term_string\"}}],\"inLanguage\":\"sk-SK\"},{\"@type\":\"Organization\",\"@id\":\"https:\/\/www.instalaterstvojezik.sk\/o-nas\/#organization\",\"name\":\"In\u0161talat\u00e9rstvo Je\u017e\u00edk, s. r. o.\",\"url\":\"https:\/\/www.instalaterstvojezik.sk\/o-nas\/\",\"logo\":{\"@type\":\"ImageObject\",\"inLanguage\":\"sk-SK\",\"@id\":\"https:\/\/www.instalaterstvojezik.sk\/o-nas\/#\/schema\/logo\/image\/\",\"url\":\"https:\/\/www.instalaterstvojezik.sk\/o-nas\/wp-content\/uploads\/2025\/03\/symbol_instalaterstvo@4x.png\",\"contentUrl\":\"https:\/\/www.instalaterstvojezik.sk\/o-nas\/wp-content\/uploads\/2025\/03\/symbol_instalaterstvo@4x.png\",\"width\":537,\"height\":366,\"caption\":\"In\u0161talat\u00e9rstvo Je\u017e\u00edk, s. r. o.\"},\"image\":{\"@id\":\"https:\/\/www.instalaterstvojezik.sk\/o-nas\/#\/schema\/logo\/image\/\"}}]}<\/script>\n<!-- \/ Yoast SEO plugin. -->","yoast_head_json":{"title":"M\u00e1te z\u00e1ujem o teplen\u00e9 \u010derpadlo ? - In\u0161talat\u00e9rstvo Je\u017e\u00edk, s. r. o.","robots":{"index":"index","follow":"follow","max-snippet":"max-snippet:-1","max-image-preview":"max-image-preview:large","max-video-preview":"max-video-preview:-1"},"canonical":"https:\/\/www.instalaterstvojezik.sk\/o-nas\/mate-zaujem-o-teplene-cerpadlo\/","og_locale":"sk_SK","og_type":"article","og_title":"M\u00e1te z\u00e1ujem o teplen\u00e9 \u010derpadlo ? - In\u0161talat\u00e9rstvo Je\u017e\u00edk, s. r. o.","og_description":"Vyplnen\u00edm dotazn\u00edka V\u00e1s budeme kontaktova\u0165 s orienta\u010dnou cenovou ponukou.","og_url":"https:\/\/www.instalaterstvojezik.sk\/o-nas\/mate-zaujem-o-teplene-cerpadlo\/","og_site_name":"In\u0161talat\u00e9rstvo Je\u017e\u00edk, s. r. o.","article_modified_time":"2022-06-15T20:30:09+00:00","twitter_card":"summary_large_image","twitter_misc":{"Predpokladan\u00fd \u010das \u010d\u00edtania":"1 min\u00fata"},"schema":{"@context":"https:\/\/schema.org","@graph":[{"@type":"WebPage","@id":"https:\/\/www.instalaterstvojezik.sk\/o-nas\/mate-zaujem-o-teplene-cerpadlo\/","url":"https:\/\/www.instalaterstvojezik.sk\/o-nas\/mate-zaujem-o-teplene-cerpadlo\/","name":"M\u00e1te z\u00e1ujem o teplen\u00e9 \u010derpadlo ? - In\u0161talat\u00e9rstvo Je\u017e\u00edk, s. r. o.","isPartOf":{"@id":"https:\/\/www.instalaterstvojezik.sk\/o-nas\/#website"},"datePublished":"2022-06-15T20:27:33+00:00","dateModified":"2022-06-15T20:30:09+00:00","breadcrumb":{"@id":"https:\/\/www.instalaterstvojezik.sk\/o-nas\/mate-zaujem-o-teplene-cerpadlo\/#breadcrumb"},"inLanguage":"sk-SK","potentialAction":[{"@type":"ReadAction","target":["https:\/\/www.instalaterstvojezik.sk\/o-nas\/mate-zaujem-o-teplene-cerpadlo\/"]}]},{"@type":"BreadcrumbList","@id":"https:\/\/www.instalaterstvojezik.sk\/o-nas\/mate-zaujem-o-teplene-cerpadlo\/#breadcrumb","itemListElement":[{"@type":"ListItem","position":1,"name":"Home","item":"https:\/\/www.instalaterstvojezik.sk\/o-nas\/"},{"@type":"ListItem","position":2,"name":"M\u00e1te z\u00e1ujem o teplen\u00e9 \u010derpadlo ?"}]},{"@type":"WebSite","@id":"https:\/\/www.instalaterstvojezik.sk\/o-nas\/#website","url":"https:\/\/www.instalaterstvojezik.sk\/o-nas\/","name":"In\u0161talat\u00e9rstvo Je\u017e\u00edk, s. r. o.","description":"","publisher":{"@id":"https:\/\/www.instalaterstvojezik.sk\/o-nas\/#organization"},"potentialAction":[{"@type":"SearchAction","target":{"@type":"EntryPoint","urlTemplate":"https:\/\/www.instalaterstvojezik.sk\/o-nas\/?s={search_term_string}"},"query-input":{"@type":"PropertyValueSpecification","valueRequired":true,"valueName":"search_term_string"}}],"inLanguage":"sk-SK"},{"@type":"Organization","@id":"https:\/\/www.instalaterstvojezik.sk\/o-nas\/#organization","name":"In\u0161talat\u00e9rstvo Je\u017e\u00edk, s. r. o.","url":"https:\/\/www.instalaterstvojezik.sk\/o-nas\/","logo":{"@type":"ImageObject","inLanguage":"sk-SK","@id":"https:\/\/www.instalaterstvojezik.sk\/o-nas\/#\/schema\/logo\/image\/","url":"https:\/\/www.instalaterstvojezik.sk\/o-nas\/wp-content\/uploads\/2025\/03\/symbol_instalaterstvo@4x.png","contentUrl":"https:\/\/www.instalaterstvojezik.sk\/o-nas\/wp-content\/uploads\/2025\/03\/symbol_instalaterstvo@4x.png","width":537,"height":366,"caption":"In\u0161talat\u00e9rstvo Je\u017e\u00edk, s. r. o."},"image":{"@id":"https:\/\/www.instalaterstvojezik.sk\/o-nas\/#\/schema\/logo\/image\/"}}]}},"_links":{"self":[{"href":"https:\/\/www.instalaterstvojezik.sk\/o-nas\/wp-json\/wp\/v2\/pages\/296","targetHints":{"allow":["GET"]}}],"collection":[{"href":"https:\/\/www.instalaterstvojezik.sk\/o-nas\/wp-json\/wp\/v2\/pages"}],"about":[{"href":"https:\/\/www.instalaterstvojezik.sk\/o-nas\/wp-json\/wp\/v2\/types\/page"}],"author":[{"embeddable":true,"href":"https:\/\/www.instalaterstvojezik.sk\/o-nas\/wp-json\/wp\/v2\/users\/1"}],"replies":[{"embeddable":true,"href":"https:\/\/www.instalaterstvojezik.sk\/o-nas\/wp-json\/wp\/v2\/comments?post=296"}],"version-history":[{"count":4,"href":"https:\/\/www.instalaterstvojezik.sk\/o-nas\/wp-json\/wp\/v2\/pages\/296\/revisions"}],"predecessor-version":[{"id":307,"href":"https:\/\/www.instalaterstvojezik.sk\/o-nas\/wp-json\/wp\/v2\/pages\/296\/revisions\/307"}],"wp:attachment":[{"href":"https:\/\/www.instalaterstvojezik.sk\/o-nas\/wp-json\/wp\/v2\/media?parent=296"}],"curies":[{"name":"wp","href":"https:\/\/api.w.org\/{rel}","templated":true}]}}