{"id":2,"date":"2022-06-09T20:27:14","date_gmt":"2022-06-09T20:27:14","guid":{"rendered":"https:\/\/www.instalaterstvojezik.sk\/o-nas\/?page_id=2"},"modified":"2023-06-29T20:44:26","modified_gmt":"2023-06-29T20:44:26","slug":"o-nas","status":"publish","type":"page","link":"https:\/\/www.instalaterstvojezik.sk\/o-nas\/","title":{"rendered":"Pre\u010do pr\u00e1ve my?"},"content":{"rendered":"\n<div class=\"wp-block-columns is-layout-flex wp-container-core-columns-is-layout-1 wp-block-columns-is-layout-flex\">\n<div class=\"wp-block-column is-layout-flow wp-block-column-is-layout-flow\"><div class=\"wp-block-image why-me\">\n<figure class=\"aligncenter size-full\"><img loading=\"lazy\" decoding=\"async\" width=\"128\" height=\"128\" src=\"https:\/\/www.instalaterstvojezik.sk\/o-nas\/wp-content\/uploads\/2023\/06\/improvement.png\" alt=\"\" class=\"wp-image-387\"\/><figcaption class=\"wp-element-caption\">Mlad\u00e1 ale r\u00fdchlo expanduj\u00faca slovensk\u00e1 firma v oblasti k\u00farenia a in\u0161tal\u00e1cie.<\/figcaption><\/figure><\/div><\/div>\n\n\n\n<div class=\"wp-block-column is-layout-flow wp-block-column-is-layout-flow\"><div class=\"wp-block-image why-me\">\n<figure class=\"aligncenter size-full\"><img loading=\"lazy\" decoding=\"async\" width=\"128\" height=\"128\" src=\"https:\/\/www.instalaterstvojezik.sk\/o-nas\/wp-content\/uploads\/2023\/06\/rating.png\" alt=\"\" class=\"wp-image-388\"\/><figcaption class=\"wp-element-caption\">N\u00e1\u0161 t\u00edm tvoria zamestnanci, ktor\u00ed maj\u00fa viac ne\u017e 30 ro\u010dn\u00e9 sk\u00fasenosti v oblasti a s\u00fa doplnen\u00ed mlad\u00fdmi ambici\u00f3znymi vyu\u010den\u00fdmi in\u0161talat\u00e9rmi.<\/figcaption><\/figure><\/div><\/div>\n\n\n\n<div class=\"wp-block-column is-layout-flow wp-block-column-is-layout-flow\"><div class=\"wp-block-image why-me\">\n<figure class=\"aligncenter size-full\"><img loading=\"lazy\" decoding=\"async\" width=\"128\" height=\"128\" src=\"https:\/\/www.instalaterstvojezik.sk\/o-nas\/wp-content\/uploads\/2023\/06\/european-union.png\" alt=\"\" class=\"wp-image-389\"\/><figcaption class=\"wp-element-caption\">Na\u0161i zamestnanci rie\u0161ili in\u0161tal\u00e1cie v r\u00e1mci celej Eur\u00f3py, ako s\u00fa napr\u00edklad: Rusko, Rumunsko, Litva, Nemecko.<\/figcaption><\/figure><\/div><\/div>\n\n\n\n<div class=\"wp-block-column is-layout-flow wp-block-column-is-layout-flow\"><div class=\"wp-block-image why-me\">\n<figure class=\"aligncenter size-full\"><img loading=\"lazy\" decoding=\"async\" width=\"128\" height=\"128\" src=\"https:\/\/www.instalaterstvojezik.sk\/o-nas\/wp-content\/uploads\/2023\/06\/architec.png\" alt=\"\" class=\"wp-image-390\"\/><figcaption class=\"wp-element-caption\">Cel\u00fd t\u00edm je riaden\u00fd stavebn\u00fdm in\u017einierom, ktor\u00fd ma poznatky z projekcie, tak\u017ee je obozn\u00e1men\u00fd s cel\u00fdm procesom pri v\u00fdstavbe aj tvorbe projektov.<\/figcaption><\/figure><\/div><\/div>\n\n\n\n<div class=\"wp-block-column is-layout-flow wp-block-column-is-layout-flow\"><div class=\"wp-block-image why-me\">\n<figure class=\"aligncenter size-full\"><img loading=\"lazy\" decoding=\"async\" width=\"128\" height=\"128\" src=\"https:\/\/www.instalaterstvojezik.sk\/o-nas\/wp-content\/uploads\/2023\/06\/blogger.png\" alt=\"\" class=\"wp-image-391\"\/><figcaption class=\"wp-element-caption\">Poskytujeme administrat\u00edvnu pomoc pri vybavovan\u00ed \u0161t\u00e1tnych dot\u00e1ci\u00ed.<\/figcaption><\/figure><\/div><\/div>\n<\/div>\n\n\n\n<div class=\"wp-block-columns is-layout-flex wp-container-core-columns-is-layout-3 wp-block-columns-is-layout-flex\">\n<div class=\"wp-block-column is-layout-flow wp-block-column-is-layout-flow\" style=\"flex-basis:100%\">\n<div class=\"wp-block-group\"><div class=\"wp-block-group__inner-container is-layout-constrained wp-block-group-is-layout-constrained\">\n<h2 class=\"wp-block-heading has-text-align-center\">Zameranie spolo\u010dnosti<\/h2>\n\n\n\n<div class=\"wp-block-columns are-vertically-aligned-center column-two is-layout-flex wp-container-core-columns-is-layout-2 wp-block-columns-is-layout-flex\">\n<div class=\"wp-block-column is-vertically-aligned-center is-layout-flow wp-block-column-is-layout-flow\" style=\"flex-basis:50%\">\n<ul class=\"wp-block-list\">\n<li>Rozvody vody<\/li>\n\n\n\n<li>Rozvody kanaliz\u00e1cie<\/li>\n\n\n\n<li>Rozvody plynu<\/li>\n\n\n\n<li>Rozvody k\u00farenia<\/li>\n\n\n\n<li>Mont\u00e1\u017e tepeln\u00fdch \u010derpadiel<\/li>\n\n\n\n<li>Mont\u00e1\u017e sol\u00e1rnych syst\u00e9mov<\/li>\n\n\n\n<li>Mont\u00e1\u017e podlahov\u00e9ho k\u00farenia<\/li>\n\n\n\n<li>Jadrov\u00e9 v\u0155tanie<\/li>\n\n\n\n<li>\u010cistenie k\u00farenia<\/li>\n<\/ul>\n\n\n\n<p class=\"has-text-align-left\">Realiz\u00e1cie vykon\u00e1vame nie len pre rodinn\u00e9 alebo bytov\u00e9 domy, ale aj pre haly a priemyseln\u00e9 in\u0161tal\u00e1cie.<\/p>\n<\/div>\n\n\n\n<div class=\"wp-block-column is-vertically-aligned-center is-layout-flow wp-block-column-is-layout-flow\" style=\"flex-basis:50%\">\n<figure class=\"wp-block-image size-full is-style-default rounded10\"><img decoding=\"async\" src=\"https:\/\/www.instalaterstvojezik.sk\/o-nas\/wp-content\/uploads\/2022\/06\/273960632_4481185585320990_3732941523047854154_n.jpg\" alt=\"\" class=\"wp-image-355\"\/><\/figure>\n<\/div>\n<\/div>\n<\/div><\/div>\n<\/div>\n<\/div>\n\n\n\n<div class=\"wp-block-columns is-layout-flex wp-container-core-columns-is-layout-4 wp-block-columns-is-layout-flex\">\n<div class=\"wp-block-column cenova-ponuka is-layout-flow wp-block-column-is-layout-flow\">\n<h2 class=\"wp-block-heading has-text-align-center\">Pripravte sa na zimu u\u017e teraz. <\/h2>\n\n\n\n<h2 class=\"wp-block-heading has-text-align-center\">Objednajte si tepeln\u00e9 \u010derpadlo za v\u00fdhodn\u00e9 ceny.<\/h2>\n\n\n\n<p class=\"has-text-align-center\">Vypl\u0148te dotazn\u00edk a my V\u00e1m po\u0161leme predbe\u017en\u00fa cenov\u00fa ponuku \u0161it\u00fa na mieru.<\/p>\n\n\n\n<div class=\"wp-block-buttons is-content-justification-center is-layout-flex wp-container-core-buttons-is-layout-1 wp-block-buttons-is-layout-flex\">\n<div class=\"wp-block-button\"><a class=\"wp-block-button__link has-accent-background-color has-background wp-element-button\" href=\"https:\/\/www.instalaterstvojezik.sk\/o-nas\/mate-zaujem-o-teplene-cerpadlo\/\">M\u00e1m z\u00e1ujem o cenov\u00fa ponuku<\/a><\/div>\n<\/div>\n<\/div>\n<\/div>\n","protected":false},"excerpt":{"rendered":"<p>Zameranie spolo\u010dnosti Realiz\u00e1cie vykon\u00e1vame nie len pre rodinn\u00e9 alebo bytov\u00e9 domy, ale aj pre haly a priemyseln\u00e9 in\u0161tal\u00e1cie. Pripravte sa na zimu u\u017e teraz. Objednajte si tepeln\u00e9 \u010derpadlo za v\u00fdhodn\u00e9 ceny. Vypl\u0148te dotazn\u00edk a my V\u00e1m po\u0161leme predbe\u017en\u00fa cenov\u00fa ponuku \u0161it\u00fa na mieru.<\/p>\n","protected":false},"author":1,"featured_media":0,"parent":0,"menu_order":0,"comment_status":"closed","ping_status":"open","template":"","meta":{"_monsterinsights_skip_tracking":false,"_monsterinsights_sitenote_active":false,"_monsterinsights_sitenote_note":"","_monsterinsights_sitenote_category":0,"footnotes":""},"class_list":["post-2","page","type-page","status-publish"],"yoast_head":"<!-- This site is optimized with the Yoast SEO plugin v24.7 - https:\/\/yoast.com\/wordpress\/plugins\/seo\/ -->\n<title>Pre\u010do pr\u00e1ve my? - In\u0161talat\u00e9rstvo Je\u017e\u00edk, s. r. o.<\/title>\n<meta name=\"robots\" content=\"index, follow, max-snippet:-1, max-image-preview:large, max-video-preview:-1\" \/>\n<link rel=\"canonical\" href=\"https:\/\/www.instalaterstvojezik.sk\/o-nas\/\" \/>\n<meta property=\"og:locale\" content=\"sk_SK\" \/>\n<meta property=\"og:type\" content=\"article\" \/>\n<meta property=\"og:title\" content=\"Pre\u010do pr\u00e1ve my? - In\u0161talat\u00e9rstvo Je\u017e\u00edk, s. r. o.\" \/>\n<meta property=\"og:description\" content=\"Zameranie spolo\u010dnosti Realiz\u00e1cie vykon\u00e1vame nie len pre rodinn\u00e9 alebo bytov\u00e9 domy, ale aj pre haly a priemyseln\u00e9 in\u0161tal\u00e1cie. Pripravte sa na zimu u\u017e teraz. Objednajte si tepeln\u00e9 \u010derpadlo za v\u00fdhodn\u00e9 ceny. Vypl\u0148te dotazn\u00edk a my V\u00e1m po\u0161leme predbe\u017en\u00fa cenov\u00fa ponuku \u0161it\u00fa na mieru.\" \/>\n<meta property=\"og:url\" content=\"https:\/\/www.instalaterstvojezik.sk\/o-nas\/\" \/>\n<meta property=\"og:site_name\" content=\"In\u0161talat\u00e9rstvo Je\u017e\u00edk, s. r. o.\" \/>\n<meta property=\"article:modified_time\" content=\"2023-06-29T20:44:26+00:00\" \/>\n<meta property=\"og:image\" content=\"https:\/\/www.instalaterstvojezik.sk\/o-nas\/wp-content\/uploads\/2023\/06\/improvement.png\" \/>\n<meta name=\"twitter:card\" content=\"summary_large_image\" \/>\n<meta name=\"twitter:label1\" content=\"Predpokladan\u00fd \u010das \u010d\u00edtania\" \/>\n\t<meta name=\"twitter:data1\" content=\"2 min\u00faty\" \/>\n<script type=\"application\/ld+json\" class=\"yoast-schema-graph\">{\"@context\":\"https:\/\/schema.org\",\"@graph\":[{\"@type\":\"WebPage\",\"@id\":\"https:\/\/www.instalaterstvojezik.sk\/o-nas\/\",\"url\":\"https:\/\/www.instalaterstvojezik.sk\/o-nas\/\",\"name\":\"Pre\u010do pr\u00e1ve my? - In\u0161talat\u00e9rstvo Je\u017e\u00edk, s. r. o.\",\"isPartOf\":{\"@id\":\"https:\/\/www.instalaterstvojezik.sk\/o-nas\/#website\"},\"primaryImageOfPage\":{\"@id\":\"https:\/\/www.instalaterstvojezik.sk\/o-nas\/#primaryimage\"},\"image\":{\"@id\":\"https:\/\/www.instalaterstvojezik.sk\/o-nas\/#primaryimage\"},\"thumbnailUrl\":\"https:\/\/www.instalaterstvojezik.sk\/o-nas\/wp-content\/uploads\/2023\/06\/improvement.png\",\"datePublished\":\"2022-06-09T20:27:14+00:00\",\"dateModified\":\"2023-06-29T20:44:26+00:00\",\"breadcrumb\":{\"@id\":\"https:\/\/www.instalaterstvojezik.sk\/o-nas\/#breadcrumb\"},\"inLanguage\":\"sk-SK\",\"potentialAction\":[{\"@type\":\"ReadAction\",\"target\":[\"https:\/\/www.instalaterstvojezik.sk\/o-nas\/\"]}]},{\"@type\":\"ImageObject\",\"inLanguage\":\"sk-SK\",\"@id\":\"https:\/\/www.instalaterstvojezik.sk\/o-nas\/#primaryimage\",\"url\":\"https:\/\/www.instalaterstvojezik.sk\/o-nas\/wp-content\/uploads\/2023\/06\/improvement.png\",\"contentUrl\":\"https:\/\/www.instalaterstvojezik.sk\/o-nas\/wp-content\/uploads\/2023\/06\/improvement.png\",\"width\":128,\"height\":128},{\"@type\":\"BreadcrumbList\",\"@id\":\"https:\/\/www.instalaterstvojezik.sk\/o-nas\/#breadcrumb\",\"itemListElement\":[{\"@type\":\"ListItem\",\"position\":1,\"name\":\"Home\",\"item\":\"https:\/\/www.instalaterstvojezik.sk\/o-nas\/\"},{\"@type\":\"ListItem\",\"position\":2,\"name\":\"Pre\u010do pr\u00e1ve my?\"}]},{\"@type\":\"WebSite\",\"@id\":\"https:\/\/www.instalaterstvojezik.sk\/o-nas\/#website\",\"url\":\"https:\/\/www.instalaterstvojezik.sk\/o-nas\/\",\"name\":\"In\u0161talat\u00e9rstvo Je\u017e\u00edk, s. r. o.\",\"description\":\"\",\"publisher\":{\"@id\":\"https:\/\/www.instalaterstvojezik.sk\/o-nas\/#organization\"},\"potentialAction\":[{\"@type\":\"SearchAction\",\"target\":{\"@type\":\"EntryPoint\",\"urlTemplate\":\"https:\/\/www.instalaterstvojezik.sk\/o-nas\/?s={search_term_string}\"},\"query-input\":{\"@type\":\"PropertyValueSpecification\",\"valueRequired\":true,\"valueName\":\"search_term_string\"}}],\"inLanguage\":\"sk-SK\"},{\"@type\":\"Organization\",\"@id\":\"https:\/\/www.instalaterstvojezik.sk\/o-nas\/#organization\",\"name\":\"In\u0161talat\u00e9rstvo Je\u017e\u00edk, s. r. o.\",\"url\":\"https:\/\/www.instalaterstvojezik.sk\/o-nas\/\",\"logo\":{\"@type\":\"ImageObject\",\"inLanguage\":\"sk-SK\",\"@id\":\"https:\/\/www.instalaterstvojezik.sk\/o-nas\/#\/schema\/logo\/image\/\",\"url\":\"https:\/\/www.instalaterstvojezik.sk\/o-nas\/wp-content\/uploads\/2025\/03\/symbol_instalaterstvo@4x.png\",\"contentUrl\":\"https:\/\/www.instalaterstvojezik.sk\/o-nas\/wp-content\/uploads\/2025\/03\/symbol_instalaterstvo@4x.png\",\"width\":537,\"height\":366,\"caption\":\"In\u0161talat\u00e9rstvo Je\u017e\u00edk, s. r. o.\"},\"image\":{\"@id\":\"https:\/\/www.instalaterstvojezik.sk\/o-nas\/#\/schema\/logo\/image\/\"}}]}<\/script>\n<!-- \/ Yoast SEO plugin. -->","yoast_head_json":{"title":"Pre\u010do pr\u00e1ve my? - In\u0161talat\u00e9rstvo Je\u017e\u00edk, s. r. o.","robots":{"index":"index","follow":"follow","max-snippet":"max-snippet:-1","max-image-preview":"max-image-preview:large","max-video-preview":"max-video-preview:-1"},"canonical":"https:\/\/www.instalaterstvojezik.sk\/o-nas\/","og_locale":"sk_SK","og_type":"article","og_title":"Pre\u010do pr\u00e1ve my? - In\u0161talat\u00e9rstvo Je\u017e\u00edk, s. r. o.","og_description":"Zameranie spolo\u010dnosti Realiz\u00e1cie vykon\u00e1vame nie len pre rodinn\u00e9 alebo bytov\u00e9 domy, ale aj pre haly a priemyseln\u00e9 in\u0161tal\u00e1cie. Pripravte sa na zimu u\u017e teraz. Objednajte si tepeln\u00e9 \u010derpadlo za v\u00fdhodn\u00e9 ceny. Vypl\u0148te dotazn\u00edk a my V\u00e1m po\u0161leme predbe\u017en\u00fa cenov\u00fa ponuku \u0161it\u00fa na mieru.","og_url":"https:\/\/www.instalaterstvojezik.sk\/o-nas\/","og_site_name":"In\u0161talat\u00e9rstvo Je\u017e\u00edk, s. r. o.","article_modified_time":"2023-06-29T20:44:26+00:00","og_image":[{"url":"https:\/\/www.instalaterstvojezik.sk\/o-nas\/wp-content\/uploads\/2023\/06\/improvement.png","type":"","width":"","height":""}],"twitter_card":"summary_large_image","twitter_misc":{"Predpokladan\u00fd \u010das \u010d\u00edtania":"2 min\u00faty"},"schema":{"@context":"https:\/\/schema.org","@graph":[{"@type":"WebPage","@id":"https:\/\/www.instalaterstvojezik.sk\/o-nas\/","url":"https:\/\/www.instalaterstvojezik.sk\/o-nas\/","name":"Pre\u010do pr\u00e1ve my? - In\u0161talat\u00e9rstvo Je\u017e\u00edk, s. r. o.","isPartOf":{"@id":"https:\/\/www.instalaterstvojezik.sk\/o-nas\/#website"},"primaryImageOfPage":{"@id":"https:\/\/www.instalaterstvojezik.sk\/o-nas\/#primaryimage"},"image":{"@id":"https:\/\/www.instalaterstvojezik.sk\/o-nas\/#primaryimage"},"thumbnailUrl":"https:\/\/www.instalaterstvojezik.sk\/o-nas\/wp-content\/uploads\/2023\/06\/improvement.png","datePublished":"2022-06-09T20:27:14+00:00","dateModified":"2023-06-29T20:44:26+00:00","breadcrumb":{"@id":"https:\/\/www.instalaterstvojezik.sk\/o-nas\/#breadcrumb"},"inLanguage":"sk-SK","potentialAction":[{"@type":"ReadAction","target":["https:\/\/www.instalaterstvojezik.sk\/o-nas\/"]}]},{"@type":"ImageObject","inLanguage":"sk-SK","@id":"https:\/\/www.instalaterstvojezik.sk\/o-nas\/#primaryimage","url":"https:\/\/www.instalaterstvojezik.sk\/o-nas\/wp-content\/uploads\/2023\/06\/improvement.png","contentUrl":"https:\/\/www.instalaterstvojezik.sk\/o-nas\/wp-content\/uploads\/2023\/06\/improvement.png","width":128,"height":128},{"@type":"BreadcrumbList","@id":"https:\/\/www.instalaterstvojezik.sk\/o-nas\/#breadcrumb","itemListElement":[{"@type":"ListItem","position":1,"name":"Home","item":"https:\/\/www.instalaterstvojezik.sk\/o-nas\/"},{"@type":"ListItem","position":2,"name":"Pre\u010do pr\u00e1ve my?"}]},{"@type":"WebSite","@id":"https:\/\/www.instalaterstvojezik.sk\/o-nas\/#website","url":"https:\/\/www.instalaterstvojezik.sk\/o-nas\/","name":"In\u0161talat\u00e9rstvo Je\u017e\u00edk, s. r. o.","description":"","publisher":{"@id":"https:\/\/www.instalaterstvojezik.sk\/o-nas\/#organization"},"potentialAction":[{"@type":"SearchAction","target":{"@type":"EntryPoint","urlTemplate":"https:\/\/www.instalaterstvojezik.sk\/o-nas\/?s={search_term_string}"},"query-input":{"@type":"PropertyValueSpecification","valueRequired":true,"valueName":"search_term_string"}}],"inLanguage":"sk-SK"},{"@type":"Organization","@id":"https:\/\/www.instalaterstvojezik.sk\/o-nas\/#organization","name":"In\u0161talat\u00e9rstvo Je\u017e\u00edk, s. r. o.","url":"https:\/\/www.instalaterstvojezik.sk\/o-nas\/","logo":{"@type":"ImageObject","inLanguage":"sk-SK","@id":"https:\/\/www.instalaterstvojezik.sk\/o-nas\/#\/schema\/logo\/image\/","url":"https:\/\/www.instalaterstvojezik.sk\/o-nas\/wp-content\/uploads\/2025\/03\/symbol_instalaterstvo@4x.png","contentUrl":"https:\/\/www.instalaterstvojezik.sk\/o-nas\/wp-content\/uploads\/2025\/03\/symbol_instalaterstvo@4x.png","width":537,"height":366,"caption":"In\u0161talat\u00e9rstvo Je\u017e\u00edk, s. r. o."},"image":{"@id":"https:\/\/www.instalaterstvojezik.sk\/o-nas\/#\/schema\/logo\/image\/"}}]}},"_links":{"self":[{"href":"https:\/\/www.instalaterstvojezik.sk\/o-nas\/wp-json\/wp\/v2\/pages\/2","targetHints":{"allow":["GET"]}}],"collection":[{"href":"https:\/\/www.instalaterstvojezik.sk\/o-nas\/wp-json\/wp\/v2\/pages"}],"about":[{"href":"https:\/\/www.instalaterstvojezik.sk\/o-nas\/wp-json\/wp\/v2\/types\/page"}],"author":[{"embeddable":true,"href":"https:\/\/www.instalaterstvojezik.sk\/o-nas\/wp-json\/wp\/v2\/users\/1"}],"replies":[{"embeddable":true,"href":"https:\/\/www.instalaterstvojezik.sk\/o-nas\/wp-json\/wp\/v2\/comments?post=2"}],"version-history":[{"count":6,"href":"https:\/\/www.instalaterstvojezik.sk\/o-nas\/wp-json\/wp\/v2\/pages\/2\/revisions"}],"predecessor-version":[{"id":426,"href":"https:\/\/www.instalaterstvojezik.sk\/o-nas\/wp-json\/wp\/v2\/pages\/2\/revisions\/426"}],"wp:attachment":[{"href":"https:\/\/www.instalaterstvojezik.sk\/o-nas\/wp-json\/wp\/v2\/media?parent=2"}],"curies":[{"name":"wp","href":"https:\/\/api.w.org\/{rel}","templated":true}]}}